{"id":2,"date":"2016-05-10T03:48:21","date_gmt":"2016-05-10T03:48:21","guid":{"rendered":"http:\/\/heroldundherold.de\/?page_id=2"},"modified":"2024-10-08T14:44:00","modified_gmt":"2024-10-08T14:44:00","slug":"sample-page","status":"publish","type":"page","link":"http:\/\/heroldundherold.de\/","title":{"rendered":"\u00dcber uns"},"content":{"rendered":"<p>Herold und Herold H2.0<\/p>\n<p>Wir sind ein Verlag der sich mit der Herstellung von Brett- und Kartenspielen, H\u00f6rb\u00fcchern und Filmen befasst. In allem haben wir Erfragungen und mittlerweile \u00fcber 100 Projekte belgeitet. Von der Ideenfindung bis hin zur Produktion belgeiten wir den vollst\u00e4ndigen Vorgang. Wir freuen uns auf Ihre Ideen!<\/p>\n<p>Zu unserer Geschichte:<\/p>\n<p>Zwei Br\u00fcder &#8211; ein Verlag &#8211; viele Ideen &#8211; 19 Jahre ohne ein Spiel<\/p>\n<p align=\"JUSTIFY\"><a name=\"_GoBack\"><\/a>Dank einer umfangreichen Spielesammlung, die Jahr f\u00fcr Jahr immer gr\u00f6\u00dfer wurde, drehte sich bei uns zu Hause viel um Brett- und Kartenspiele. Fast t\u00e4glich sa\u00df die Familie am Spieltisch. Oft spielten wir auch im besten Spieleladen G\u00f6ttingens, in der Spielburg von Arne Soltendieck, in der ich mein Schulpraktikum absolvieren durfte und mit 16 Jahren auch ab und zu aushalf. Auf der Messe in Essen war ich t\u00e4tig f\u00fcr die SAZ und bereute Autorentische. In G\u00f6ttingen beim Autorentreffen unterst\u00fctzte ich meinen Vater Wieland Herold und Reinhold Wittig. In den 90er Jahren versuchte ich mich auch als freier Journalist unter anderem f\u00fcr die Cuxhavener Nachrichten.<\/p>\n<p align=\"JUSTIFY\">Spiele waren immer gegenw\u00e4rtig, da war es nicht verwunderlich, dass ich mich 1998 mit der Spieleburg in L\u00fcbeck zusammen mit meinem \u00e4lteren Bruder Alexander selbst\u00e4ndig machte. Die erste Idee eines Familienverlages entstand 2000 in L\u00fcbeck. Unser j\u00fcngerer Bruder Guntram besuchte uns im Spieleladen. Dort keimte der Gedanke, dass wir Geschwister einen eigenen Spieleverlag gr\u00fcnden sollten.<\/p>\n<p align=\"JUSTIFY\">Erste Prototypen wurden getestet, dann endeten aber unsere Planungen, da unser Vater, der zu diesen Zeitpunkt schon sechs Jahr Mitglied in der Jury \u201eSpiel des Jahres\u201c war, intervenierte. Er m\u00fcsse seine Neutralit\u00e4t wahren. Der Gedanke eines Familienverlages wurde daher erstmal auf Eis gelegt.<\/p>\n<p align=\"JUSTIFY\">Wenig sp\u00e4ter war ich dann doch an der Gr\u00fcndung eines Verlages beteiligt und betreute die Herstellung des Spiels PIRATENGOLD von Ludo Art. Danach war ich Partner in der Deutschen Spiele AG, die sich um den Vertrieb vieler Kleinverlage k\u00fcmmerte. 2005 verlie\u00df ich die Deutsche Spiele AG und wechselte die Branche. Erst als Mitarbeiter, sp\u00e4ter als Gesch\u00e4ftsf\u00fchrer betreue ich seit dieser Zeit den Kinopalast Neuburg.<\/p>\n<p align=\"JUSTIFY\">Den Spielen blieb ich privat und eingeschr\u00e4nkt beruflich treu. Seit 2007 organisiere ich f\u00fcr Arne Soltendieck H\u00e4ndlerst\u00e4nde auf der Spiel in Essen. Mittlerweile geh\u00f6ren wir zu den gr\u00f6\u00dften Fachh\u00e4ndlern auf der Messe. Bei der Organisation und Arbeit vor Ort unterst\u00fctzte mich die ganzen Jahre mein Bruder Guntram. In den Gespr\u00e4chen blieben Prototypenentwicklung und Verlagsgr\u00fcndung stets ein Thema.<\/p>\n<p align=\"JUSTIFY\">Als mein Vater 2016 ank\u00fcndigte, er w\u00fcrde 2019 nach 25 Jahren aus der Jury \u201eSpiel des Jahres\u201c ausscheiden, konkretisierten wir unsere Planungen. Wichtige Entscheidungen waren zu treffen. Mit welchem Spiel sollten wir beginnen? Wir verf\u00fcgten mittlerweile \u00fcber 50 Spiele auf verschiedenen Entwicklungsstadien. Einen Namen f\u00fcr den Verlag hatten wir auch noch nicht.<\/p>\n<p align=\"JUSTIFY\">Die Entscheidungen sind inzwischen gefallen. Der Verlag hei\u00dft Herold und Herold, im Logo dr\u00fccken wir das als H2.0 aus, also zweimal Herold. Die Verwechslungsm\u00f6glichkeit mit H<sub>2<\/sub>O betrachten wir spielerisch. Wer sich genau informiert wird bald erkennen, dass wir nicht der Wasserverlag sind, sondern unter \u201eHerold und Herold\u201c agieren.<\/p>\n<p align=\"JUSTIFY\">Wir wollen j\u00e4hrlich mindestens ein Spiel rausbringen. Wir starten mit dem Pokerspiel NEUBURG \u2013 OTTHEINRICH RUHM UND INTRIGE.<\/p>\n<p align=\"JUSTIFY\">Seit 2019 sind Arne Soltendieck und ich neben Essen nun auch in Duisburg auf der Spieldoch vertreten. Damit haben wir zwei Messen, auf denen wir als H\u00e4ndler aktiv sind und gleichzeitig den Verlag vertreten k\u00f6nnen.<\/p>\n<p align=\"JUSTIFY\">Auch wenn wir die Spielebranche gut kennen und aus dem Handel kommen, unterliegt das Verlagsgesch\u00e4ft ganz eigenen Gesetzen. Wir lernen t\u00e4glich dazu.<\/p>\n<p>Ihr Guntram und Florian Herold<\/p>\n","protected":false},"excerpt":{"rendered":"<p>Herold und Herold H2.0 Wir sind ein Verlag der sich mit der Herstellung von Brett- und Kartenspielen, H\u00f6rb\u00fcchern und Filmen<\/p>\n<p class=\"more-link\"><a href=\"http:\/\/heroldundherold.de\/\" class=\"readmore\">Read More<svg class=\"icon icon-angle-right\" aria-hidden=\"true\" role=\"img\"> <use href=\"#icon-angle-right\" xlink:href=\"#icon-angle-right\"><\/use> <\/svg><span class=\"screen-reader-text\">\u00dcber uns<\/span><\/a><\/p>\n","protected":false},"author":1,"featured_media":0,"parent":0,"menu_order":1,"comment_status":"closed","ping_status":"open","template":"","meta":{"footnotes":""},"class_list":["post-2","page","type-page","status-publish","hentry"],"_links":{"self":[{"href":"http:\/\/heroldundherold.de\/index.php?rest_route=\/wp\/v2\/pages\/2"}],"collection":[{"href":"http:\/\/heroldundherold.de\/index.php?rest_route=\/wp\/v2\/pages"}],"about":[{"href":"http:\/\/heroldundherold.de\/index.php?rest_route=\/wp\/v2\/types\/page"}],"author":[{"embeddable":true,"href":"http:\/\/heroldundherold.de\/index.php?rest_route=\/wp\/v2\/users\/1"}],"replies":[{"embeddable":true,"href":"http:\/\/heroldundherold.de\/index.php?rest_route=%2Fwp%2Fv2%2Fcomments&post=2"}],"version-history":[{"count":5,"href":"http:\/\/heroldundherold.de\/index.php?rest_route=\/wp\/v2\/pages\/2\/revisions"}],"predecessor-version":[{"id":1772,"href":"http:\/\/heroldundherold.de\/index.php?rest_route=\/wp\/v2\/pages\/2\/revisions\/1772"}],"wp:attachment":[{"href":"http:\/\/heroldundherold.de\/index.php?rest_route=%2Fwp%2Fv2%2Fmedia&parent=2"}],"curies":[{"name":"wp","href":"https:\/\/api.w.org\/{rel}","templated":true}]}}