{"id":1201,"date":"2021-09-13T17:49:08","date_gmt":"2021-09-13T17:49:08","guid":{"rendered":"http:\/\/heroldundherold.de\/?page_id=1201"},"modified":"2021-10-01T17:21:35","modified_gmt":"2021-10-01T17:21:35","slug":"zauberreim-zum-gluecklichsein","status":"publish","type":"page","link":"https:\/\/heroldundherold.de\/?page_id=1201","title":{"rendered":"Zauberreim zum Gl\u00fccklichsein"},"content":{"rendered":"\n<figure class=\"wp-block-image size-large\"><a href=\"https:\/\/www.startnext.com\/zauberreim-zum-gluecklichsein\" target=\"_blank\" rel=\"noopener\"><img loading=\"lazy\" decoding=\"async\" width=\"1024\" height=\"870\" src=\"https:\/\/heroldundherold.de\/wp-content\/uploads\/2021\/10\/3-1024x870.jpg\" alt=\"\" class=\"wp-image-1224\" srcset=\"https:\/\/heroldundherold.de\/wp-content\/uploads\/2021\/10\/3-1024x870.jpg 1024w, https:\/\/heroldundherold.de\/wp-content\/uploads\/2021\/10\/3-300x255.jpg 300w, https:\/\/heroldundherold.de\/wp-content\/uploads\/2021\/10\/3-768x653.jpg 768w, https:\/\/heroldundherold.de\/wp-content\/uploads\/2021\/10\/3-1536x1306.jpg 1536w, https:\/\/heroldundherold.de\/wp-content\/uploads\/2021\/10\/3.jpg 2000w\" sizes=\"(max-width: 1024px) 100vw, 1024px\" \/><\/a><\/figure>\n\n\n\n<p>Jetzt bei Startnext den ganzen Oktober!<\/p>\n\n\n\n<p><a href=\"https:\/\/www.startnext.com\/zauberreim-zum-gluecklichsein\">https:\/\/www.startnext.com\/zauberreim-zum-gluecklichsein<\/a><\/p>\n\n\n\n<p>Liebe  Freunde unser Zauerreim zum Gl\u00fccklichsein geht an den Start. Wir freuen  uns \u00fcber jeden der unsere Idee unterst\u00fctzt. \u201eZauberreim zum  Gl\u00fccklichsein\u201c ist eine kleine Sammlung von Reimen, die von Herzen  kommen. Diese Reime k\u00f6nnen Kindern ein Leben lang eine Begleitung sein,  ihnen in jeder erdenklichen Situation im Leben Halt, Kraft und Vertrauen  in sich selbst und in das Leben schenken. Erst einmal verinnerlicht,  verleihen sie Kindern Selbstvertrauen, St\u00e4rke und einen  unersch\u00fctterlichen Glauben an sich selbst. Und das alles auf  spielerische Weise, mit ganz <strong>viel Spa\u00df<\/strong>. Super f\u00fcr Kinder von 2-8 Jahren.  <\/p>\n\n\n\n<figure class=\"wp-block-image size-large\"><img loading=\"lazy\" decoding=\"async\" width=\"1024\" height=\"1024\" src=\"http:\/\/heroldundherold.de\/wp-content\/uploads\/2021\/09\/20210913_162131231_iOS-1-1024x1024.jpg\" alt=\"\" class=\"wp-image-1203\" srcset=\"https:\/\/heroldundherold.de\/wp-content\/uploads\/2021\/09\/20210913_162131231_iOS-1-1024x1024.jpg 1024w, https:\/\/heroldundherold.de\/wp-content\/uploads\/2021\/09\/20210913_162131231_iOS-1-300x300.jpg 300w, https:\/\/heroldundherold.de\/wp-content\/uploads\/2021\/09\/20210913_162131231_iOS-1-150x150.jpg 150w, https:\/\/heroldundherold.de\/wp-content\/uploads\/2021\/09\/20210913_162131231_iOS-1-768x768.jpg 768w, https:\/\/heroldundherold.de\/wp-content\/uploads\/2021\/09\/20210913_162131231_iOS-1-1536x1536.jpg 1536w, https:\/\/heroldundherold.de\/wp-content\/uploads\/2021\/09\/20210913_162131231_iOS-1-70x70.jpg 70w, https:\/\/heroldundherold.de\/wp-content\/uploads\/2021\/09\/20210913_162131231_iOS-1.jpg 2000w\" sizes=\"(max-width: 1024px) 100vw, 1024px\" \/><\/figure>\n\n\n\n<p>Es geht darum Kindern und Eltern mit Spiel und Spa\u00df dabei zu helfen die beste Version ihres Selbst zu werden.<br>Wie k\u00f6nnte die Welt aussehen, wenn sie voll w\u00e4re mit gl\u00fccklichen Menschen? Menschen die ihr Potential voll und ganz entfalten, ihrer Freude folgen und damit die Welt besser machen?<br>Genau darum geht es in diesem Buch und den nachfolgenden Projekten.<br>Wie finden wir \u00fcberhaupt unser Potential? Wie bringen wir unsers PS auf die Stra\u00dfe? Was brauchen wir um wirklich gl\u00fccklich und erf\u00fcllt zu sein? Wie k\u00f6nnen wir zu der Person werden die wir gerne w\u00e4ren und die da irgendwo tief drin in uns schlummert? Wie k\u00fcssen wir unseren inneren Prinzen\/unsere innere Prinzessin wach? Und was haben unsere Tr\u00e4ume mit unserem wirklichen Leben zu tun?<\/p>\n\n\n\n<div class=\"wp-block-image is-style-rounded\"><figure class=\"aligncenter size-large is-resized\"><img loading=\"lazy\" decoding=\"async\" src=\"http:\/\/heroldundherold.de\/wp-content\/uploads\/2021\/09\/Facebook_Profilbild_zauberreim-zum-Gluecklichsein-1-1024x1024.jpg\" alt=\"\" class=\"wp-image-1205\" width=\"473\" height=\"473\" srcset=\"https:\/\/heroldundherold.de\/wp-content\/uploads\/2021\/09\/Facebook_Profilbild_zauberreim-zum-Gluecklichsein-1-1024x1024.jpg 1024w, https:\/\/heroldundherold.de\/wp-content\/uploads\/2021\/09\/Facebook_Profilbild_zauberreim-zum-Gluecklichsein-1-300x300.jpg 300w, https:\/\/heroldundherold.de\/wp-content\/uploads\/2021\/09\/Facebook_Profilbild_zauberreim-zum-Gluecklichsein-1-150x150.jpg 150w, https:\/\/heroldundherold.de\/wp-content\/uploads\/2021\/09\/Facebook_Profilbild_zauberreim-zum-Gluecklichsein-1-768x768.jpg 768w, https:\/\/heroldundherold.de\/wp-content\/uploads\/2021\/09\/Facebook_Profilbild_zauberreim-zum-Gluecklichsein-1-1536x1536.jpg 1536w, https:\/\/heroldundherold.de\/wp-content\/uploads\/2021\/09\/Facebook_Profilbild_zauberreim-zum-Gluecklichsein-1-2048x2048.jpg 2048w, https:\/\/heroldundherold.de\/wp-content\/uploads\/2021\/09\/Facebook_Profilbild_zauberreim-zum-Gluecklichsein-1-70x70.jpg 70w\" sizes=\"(max-width: 473px) 100vw, 473px\" \/><\/figure><\/div>\n\n\n\n<p>All diese Antworten und noch viel mehr, kannst Du in unserer <em>Reflectionsserie <\/em>beim Spielen und Spa\u00df haben, alleine oder gemeinsam mit Freuden oder Familie finden. Zauberreim zum Gl\u00fccklichsein ist der Auftakt der <em>Reflectionsserie<\/em> vom H2o Verlag, in enger Zusammenarbeit mit der wunderbaren Autorin Michaela Wild und unserer gro\u00dfartigen Grafikerin Theresa Viehauser.<\/p>\n","protected":false},"excerpt":{"rendered":"<p>Jetzt bei Startnext den ganzen Oktober! https:\/\/www.startnext.com\/zauberreim-zum-gluecklichsein Liebe Freunde unser Zauerreim zum Gl\u00fccklichsein geht an den Start. Wir freuen uns<\/p>\n<p class=\"more-link\"><a href=\"https:\/\/heroldundherold.de\/?page_id=1201\" class=\"readmore\">Read More<svg class=\"icon icon-angle-right\" aria-hidden=\"true\" role=\"img\"> <use href=\"#icon-angle-right\" xlink:href=\"#icon-angle-right\"><\/use> <\/svg><span class=\"screen-reader-text\">Zauberreim zum Gl\u00fccklichsein<\/span><\/a><\/p>\n","protected":false},"author":1,"featured_media":1205,"parent":0,"menu_order":0,"comment_status":"closed","ping_status":"closed","template":"","meta":{"footnotes":""},"class_list":["post-1201","page","type-page","status-publish","has-post-thumbnail","hentry"],"_links":{"self":[{"href":"https:\/\/heroldundherold.de\/index.php?rest_route=\/wp\/v2\/pages\/1201"}],"collection":[{"href":"https:\/\/heroldundherold.de\/index.php?rest_route=\/wp\/v2\/pages"}],"about":[{"href":"https:\/\/heroldundherold.de\/index.php?rest_route=\/wp\/v2\/types\/page"}],"author":[{"embeddable":true,"href":"https:\/\/heroldundherold.de\/index.php?rest_route=\/wp\/v2\/users\/1"}],"replies":[{"embeddable":true,"href":"https:\/\/heroldundherold.de\/index.php?rest_route=%2Fwp%2Fv2%2Fcomments&post=1201"}],"version-history":[{"count":3,"href":"https:\/\/heroldundherold.de\/index.php?rest_route=\/wp\/v2\/pages\/1201\/revisions"}],"predecessor-version":[{"id":1225,"href":"https:\/\/heroldundherold.de\/index.php?rest_route=\/wp\/v2\/pages\/1201\/revisions\/1225"}],"wp:featuredmedia":[{"embeddable":true,"href":"https:\/\/heroldundherold.de\/index.php?rest_route=\/wp\/v2\/media\/1205"}],"wp:attachment":[{"href":"https:\/\/heroldundherold.de\/index.php?rest_route=%2Fwp%2Fv2%2Fmedia&parent=1201"}],"curies":[{"name":"wp","href":"https:\/\/api.w.org\/{rel}","templated":true}]}}