{"id":1394,"date":"2022-08-08T07:28:22","date_gmt":"2022-08-08T07:28:22","guid":{"rendered":"http:\/\/heroldundherold.de\/?page_id=1394"},"modified":"2022-08-08T15:11:36","modified_gmt":"2022-08-08T15:11:36","slug":"tribes-of-the-north-haithabu","status":"publish","type":"page","link":"https:\/\/heroldundherold.de\/?page_id=1394","title":{"rendered":"Tribes of the North \u201eHaithabu\u201c"},"content":{"rendered":"\n<p>Tribes of the North \u201eHaithabu\u201c ist ein geschichtlich inspiriertes Kartenspiel f\u00fcr zwei bis vier Spieler, in dem ihr eure Stammeskarten in Reihenfolgen legt, um erfolgreich Einfluss auf historische Orte zu \u00fcben.<\/p>\n\n\n\n<figure class=\"wp-block-image size-large\"><img loading=\"lazy\" decoding=\"async\" width=\"1024\" height=\"267\" src=\"http:\/\/heroldundherold.de\/wp-content\/uploads\/2022\/08\/Haithabu_Banner7-1024x267.png\" alt=\"\" class=\"wp-image-1399\" srcset=\"https:\/\/heroldundherold.de\/wp-content\/uploads\/2022\/08\/Haithabu_Banner7-1024x267.png 1024w, https:\/\/heroldundherold.de\/wp-content\/uploads\/2022\/08\/Haithabu_Banner7-300x78.png 300w, https:\/\/heroldundherold.de\/wp-content\/uploads\/2022\/08\/Haithabu_Banner7-768x200.png 768w, https:\/\/heroldundherold.de\/wp-content\/uploads\/2022\/08\/Haithabu_Banner7-1536x400.png 1536w, https:\/\/heroldundherold.de\/wp-content\/uploads\/2022\/08\/Haithabu_Banner7-2048x533.png 2048w\" sizes=\"(max-width: 1024px) 100vw, 1024px\" \/><\/figure>\n\n\n\n<p>Wir spielen in der Welt Europas, zwischen dem 5. und dem 13. Jahrhundert. Nachdem sich die R\u00f6mer im 5. Jahrhundert aus dem n\u00f6rdlichen Raum Europas zur\u00fcckziehen mussten, entstanden dort neue Machtverh\u00e4ltnisse, die ihr in Tribes of the North \u201eHaithabu\u201c mit erstreitet. Im Laufe unserer europ\u00e4ischen Geschichte haben unterschiedliche Volksst\u00e4mme ihren Abdruck hinterlassen. Sie breiteten sich aus, gaben St\u00e4dten und Regionen ihren Namen und Charakter. <\/p>\n\n\n\n<p>Ihr lenkt in \u201eHaithabu\u201c die Geschichte eines Volksstammes und begebt euch in neue Gefilde, um dort Einfluss zu \u00fcben. Wie weit wird euer Einfluss reichen und seid ihr der erfolgreichste von vier St\u00e4mmen in der Geschichte der Tribes of the North?<\/p>\n\n\n\n<p>Mit Liebe zum Detail hoffen wir, diese Zeit euch n\u00e4her zu bringen und haben einen Rahmen geschaffen, der die Chance gibt, in unsere gemeinsame Vergangenheit einzutauchen. Alle Namen und Orte sind Teil unserer Geschichte und auch die Kleidung und die Waffen der vier V\u00f6lker orientieren sich daran. <\/p>\n\n\n\n<p>Um eine gute Auswahl zu treffen, welche Volkst\u00e4mme Teil von unserem Spiel werden hat unser Vater Wieland Herold uns beraten. Er war Geschichtslehrer und Herausgeber von unz\u00e4hligen Schulb\u00fcchern. F\u00fcr unser Spiel war diese Begleitung ein wichtiger Wegweiser, leider ist er noch w\u00e4hrend der Entstehung des Spiel verstorben. Alle Figuren sind von Personen inspiriert die ma\u00dfgeblich die Geschichte Ihrer Volkst\u00e4mme gepr\u00e4gt haben. Alle Orte sind Teil der Europ\u00e4ischen Geschichte und in Verbindung mit den vier Volksst\u00e4mmen der Franken, der Langobarden, der Angelsachsen oder der Wikinger.<\/p>\n","protected":false},"excerpt":{"rendered":"<p>Tribes of the North \u201eHaithabu\u201c ist ein geschichtlich inspiriertes Kartenspiel f\u00fcr zwei bis vier Spieler, in dem ihr eure Stammeskarten<\/p>\n<p class=\"more-link\"><a href=\"https:\/\/heroldundherold.de\/?page_id=1394\" class=\"readmore\">Read More<svg class=\"icon icon-angle-right\" aria-hidden=\"true\" role=\"img\"> <use href=\"#icon-angle-right\" xlink:href=\"#icon-angle-right\"><\/use> <\/svg><span class=\"screen-reader-text\">Tribes of the North \u201eHaithabu\u201c<\/span><\/a><\/p>\n","protected":false},"author":1,"featured_media":1395,"parent":0,"menu_order":0,"comment_status":"closed","ping_status":"closed","template":"","meta":{"footnotes":""},"class_list":["post-1394","page","type-page","status-publish","has-post-thumbnail","hentry"],"_links":{"self":[{"href":"https:\/\/heroldundherold.de\/index.php?rest_route=\/wp\/v2\/pages\/1394"}],"collection":[{"href":"https:\/\/heroldundherold.de\/index.php?rest_route=\/wp\/v2\/pages"}],"about":[{"href":"https:\/\/heroldundherold.de\/index.php?rest_route=\/wp\/v2\/types\/page"}],"author":[{"embeddable":true,"href":"https:\/\/heroldundherold.de\/index.php?rest_route=\/wp\/v2\/users\/1"}],"replies":[{"embeddable":true,"href":"https:\/\/heroldundherold.de\/index.php?rest_route=%2Fwp%2Fv2%2Fcomments&post=1394"}],"version-history":[{"count":2,"href":"https:\/\/heroldundherold.de\/index.php?rest_route=\/wp\/v2\/pages\/1394\/revisions"}],"predecessor-version":[{"id":1400,"href":"https:\/\/heroldundherold.de\/index.php?rest_route=\/wp\/v2\/pages\/1394\/revisions\/1400"}],"wp:featuredmedia":[{"embeddable":true,"href":"https:\/\/heroldundherold.de\/index.php?rest_route=\/wp\/v2\/media\/1395"}],"wp:attachment":[{"href":"https:\/\/heroldundherold.de\/index.php?rest_route=%2Fwp%2Fv2%2Fmedia&parent=1394"}],"curies":[{"name":"wp","href":"https:\/\/api.w.org\/{rel}","templated":true}]}}