{"id":1488,"date":"2022-10-04T20:20:33","date_gmt":"2022-10-04T20:20:33","guid":{"rendered":"http:\/\/heroldundherold.de\/?page_id=1488"},"modified":"2022-10-21T12:51:15","modified_gmt":"2022-10-21T12:51:15","slug":"mensch-egerer-dich-nicht","status":"publish","type":"page","link":"https:\/\/heroldundherold.de\/?page_id=1488","title":{"rendered":"Mensch Egerer Dich nicht"},"content":{"rendered":"\n<p>Wir haben uns gemeinsam mit dem K\u00fcnstlerpaar Kerstin und Sepp Egerer f\u00fcr eine Zusammenarbeit entschieden. Wir bringen Ihre Idee zu Euch nach Hause und feilen an, H\u00f6rspiel, Film, Buch und Spiel. <\/p>\n\n\n<div class=\"wp-block-image\">\n<figure class=\"aligncenter size-large is-resized\"><img loading=\"lazy\" decoding=\"async\" src=\"http:\/\/heroldundherold.de\/wp-content\/uploads\/2022\/10\/Zauberer-Schnitzel-Logo_v1-1024x822.png\" alt=\"\" class=\"wp-image-1489\" width=\"266\" height=\"213\" srcset=\"https:\/\/heroldundherold.de\/wp-content\/uploads\/2022\/10\/Zauberer-Schnitzel-Logo_v1-1024x822.png 1024w, https:\/\/heroldundherold.de\/wp-content\/uploads\/2022\/10\/Zauberer-Schnitzel-Logo_v1-300x241.png 300w, https:\/\/heroldundherold.de\/wp-content\/uploads\/2022\/10\/Zauberer-Schnitzel-Logo_v1-768x617.png 768w, https:\/\/heroldundherold.de\/wp-content\/uploads\/2022\/10\/Zauberer-Schnitzel-Logo_v1-1536x1233.png 1536w, https:\/\/heroldundherold.de\/wp-content\/uploads\/2022\/10\/Zauberer-Schnitzel-Logo_v1-2048x1644.png 2048w\" sizes=\"(max-width: 266px) 100vw, 266px\" \/><\/figure><\/div>\n\n\n<p>Seit mit uns gespannt, 2022 beginnen wir mit dem ersten Zauberer Schnitzel Buch, bei dem wir auf Eure Unters\u00fctzung bauen und dem Film &#8222;Zauber Schnitzel im Gipfelgl\u00fcck&#8220; den wir auch \u00fcber unsere Lokal Grenzen bekannt machen m\u00f6chten. <\/p>\n\n\n\n<p>Wir berichten Euch \u00fcber weitere Schritte.<\/p>\n\n\n\n<p>Lieben Gru\u00df aus dem Kreativb\u00fcro, Marvin, Theresa, Guntram und Florian<\/p>\n\n\n\n<div class=\"wp-block-columns is-layout-flex wp-container-core-columns-is-layout-1 wp-block-columns-is-layout-flex\">\n<div class=\"wp-block-column is-layout-flow wp-block-column-is-layout-flow\">\n<figure class=\"wp-block-image size-large\"><img loading=\"lazy\" decoding=\"async\" width=\"724\" height=\"1024\" src=\"http:\/\/heroldundherold.de\/wp-content\/uploads\/2022\/10\/Zauberer_Schnitzel_im_Gipfelglueck_ohne-Sponsoren-2-724x1024.jpg\" alt=\"\" class=\"wp-image-1616\" srcset=\"https:\/\/heroldundherold.de\/wp-content\/uploads\/2022\/10\/Zauberer_Schnitzel_im_Gipfelglueck_ohne-Sponsoren-2-724x1024.jpg 724w, https:\/\/heroldundherold.de\/wp-content\/uploads\/2022\/10\/Zauberer_Schnitzel_im_Gipfelglueck_ohne-Sponsoren-2-212x300.jpg 212w, https:\/\/heroldundherold.de\/wp-content\/uploads\/2022\/10\/Zauberer_Schnitzel_im_Gipfelglueck_ohne-Sponsoren-2-768x1086.jpg 768w, https:\/\/heroldundherold.de\/wp-content\/uploads\/2022\/10\/Zauberer_Schnitzel_im_Gipfelglueck_ohne-Sponsoren-2-1086x1536.jpg 1086w, https:\/\/heroldundherold.de\/wp-content\/uploads\/2022\/10\/Zauberer_Schnitzel_im_Gipfelglueck_ohne-Sponsoren-2-1448x2048.jpg 1448w, https:\/\/heroldundherold.de\/wp-content\/uploads\/2022\/10\/Zauberer_Schnitzel_im_Gipfelglueck_ohne-Sponsoren-2-scaled.jpg 1810w\" sizes=\"(max-width: 724px) 100vw, 724px\" \/><figcaption><strong><mark style=\"background-color:#ffffff\" class=\"has-inline-color has-black-color\"><a href=\"http:\/\/heroldundherold.de\/?p=1528\" data-type=\"URL\" data-id=\"http:\/\/heroldundherold.de\/?p=1528\">Zum Film Zauberer Schnitzel im Gipfelgl\u00fcck<\/a><\/mark><\/strong><\/figcaption><\/figure>\n<\/div>\n\n\n\n<div class=\"wp-block-column is-layout-flow wp-block-column-is-layout-flow\">\n<figure class=\"wp-block-image size-large\"><img loading=\"lazy\" decoding=\"async\" width=\"643\" height=\"1024\" src=\"http:\/\/heroldundherold.de\/wp-content\/uploads\/2022\/10\/Amazon-Beschreibung-643x1024.png\" alt=\"\" class=\"wp-image-1545\" srcset=\"https:\/\/heroldundherold.de\/wp-content\/uploads\/2022\/10\/Amazon-Beschreibung-643x1024.png 643w, https:\/\/heroldundherold.de\/wp-content\/uploads\/2022\/10\/Amazon-Beschreibung-188x300.png 188w, https:\/\/heroldundherold.de\/wp-content\/uploads\/2022\/10\/Amazon-Beschreibung-768x1223.png 768w, https:\/\/heroldundherold.de\/wp-content\/uploads\/2022\/10\/Amazon-Beschreibung-965x1536.png 965w, https:\/\/heroldundherold.de\/wp-content\/uploads\/2022\/10\/Amazon-Beschreibung-1286x2048.png 1286w, https:\/\/heroldundherold.de\/wp-content\/uploads\/2022\/10\/Amazon-Beschreibung.png 2000w\" sizes=\"(max-width: 643px) 100vw, 643px\" \/><figcaption><strong><mark style=\"background-color:rgba(0, 0, 0, 0)\" class=\"has-inline-color has-black-color\"><a href=\"http:\/\/heroldundherold.de\/?p=1547\">Zu den H\u00f6rspielen<\/a><\/mark><\/strong><\/figcaption><\/figure>\n<\/div>\n\n\n\n<div class=\"wp-block-column is-layout-flow wp-block-column-is-layout-flow\">\n<figure class=\"wp-block-image size-large\"><img loading=\"lazy\" decoding=\"async\" width=\"781\" height=\"1024\" src=\"http:\/\/heroldundherold.de\/wp-content\/uploads\/2022\/10\/274221949_7264816226891730_6268720761553940314_n-e1666355751931-781x1024.jpg\" alt=\"\" class=\"wp-image-1621\" srcset=\"https:\/\/heroldundherold.de\/wp-content\/uploads\/2022\/10\/274221949_7264816226891730_6268720761553940314_n-e1666355751931-781x1024.jpg 781w, https:\/\/heroldundherold.de\/wp-content\/uploads\/2022\/10\/274221949_7264816226891730_6268720761553940314_n-e1666355751931-229x300.jpg 229w, https:\/\/heroldundherold.de\/wp-content\/uploads\/2022\/10\/274221949_7264816226891730_6268720761553940314_n-e1666355751931-768x1007.jpg 768w, https:\/\/heroldundherold.de\/wp-content\/uploads\/2022\/10\/274221949_7264816226891730_6268720761553940314_n-e1666355751931-1172x1536.jpg 1172w, https:\/\/heroldundherold.de\/wp-content\/uploads\/2022\/10\/274221949_7264816226891730_6268720761553940314_n-e1666355751931.jpg 1262w\" sizes=\"(max-width: 781px) 100vw, 781px\" \/><figcaption><strong><mark style=\"background-color:rgba(0, 0, 0, 0)\" class=\"has-inline-color has-black-color\"><a href=\"http:\/\/heroldundherold.de\/?p=1538\" data-type=\"URL\" data-id=\"http:\/\/heroldundherold.de\/?p=1538\">Zum Film Zauberer Schnitzel und die Sauerkrautverschw\u00f6rung<\/a><\/mark><\/strong><\/figcaption><\/figure>\n<\/div>\n<\/div>\n\n\n\n<p><\/p>\n","protected":false},"excerpt":{"rendered":"<p>Wir haben uns gemeinsam mit dem K\u00fcnstlerpaar Kerstin und Sepp Egerer f\u00fcr eine Zusammenarbeit entschieden. Wir bringen Ihre Idee zu<\/p>\n<p class=\"more-link\"><a href=\"https:\/\/heroldundherold.de\/?page_id=1488\" class=\"readmore\">Read More<svg class=\"icon icon-angle-right\" aria-hidden=\"true\" role=\"img\"> <use href=\"#icon-angle-right\" xlink:href=\"#icon-angle-right\"><\/use> <\/svg><span class=\"screen-reader-text\">Mensch Egerer Dich nicht<\/span><\/a><\/p>\n","protected":false},"author":1,"featured_media":1527,"parent":0,"menu_order":0,"comment_status":"closed","ping_status":"closed","template":"","meta":{"footnotes":""},"class_list":["post-1488","page","type-page","status-publish","has-post-thumbnail","hentry"],"_links":{"self":[{"href":"https:\/\/heroldundherold.de\/index.php?rest_route=\/wp\/v2\/pages\/1488"}],"collection":[{"href":"https:\/\/heroldundherold.de\/index.php?rest_route=\/wp\/v2\/pages"}],"about":[{"href":"https:\/\/heroldundherold.de\/index.php?rest_route=\/wp\/v2\/types\/page"}],"author":[{"embeddable":true,"href":"https:\/\/heroldundherold.de\/index.php?rest_route=\/wp\/v2\/users\/1"}],"replies":[{"embeddable":true,"href":"https:\/\/heroldundherold.de\/index.php?rest_route=%2Fwp%2Fv2%2Fcomments&post=1488"}],"version-history":[{"count":7,"href":"https:\/\/heroldundherold.de\/index.php?rest_route=\/wp\/v2\/pages\/1488\/revisions"}],"predecessor-version":[{"id":1624,"href":"https:\/\/heroldundherold.de\/index.php?rest_route=\/wp\/v2\/pages\/1488\/revisions\/1624"}],"wp:featuredmedia":[{"embeddable":true,"href":"https:\/\/heroldundherold.de\/index.php?rest_route=\/wp\/v2\/media\/1527"}],"wp:attachment":[{"href":"https:\/\/heroldundherold.de\/index.php?rest_route=%2Fwp%2Fv2%2Fmedia&parent=1488"}],"curies":[{"name":"wp","href":"https:\/\/api.w.org\/{rel}","templated":true}]}}