{"id":1603,"date":"2022-10-21T11:26:20","date_gmt":"2022-10-21T11:26:20","guid":{"rendered":"http:\/\/heroldundherold.de\/?page_id=1603"},"modified":"2022-10-21T12:37:53","modified_gmt":"2022-10-21T12:37:53","slug":"h2o-filmverleih","status":"publish","type":"page","link":"https:\/\/heroldundherold.de\/?page_id=1603","title":{"rendered":"H2O Filmverleih"},"content":{"rendered":"\n<p>Liebe Kinobetreiber und Kinobetreiberinnen,<\/p>\n\n\n\n<p>hier finden Sie unsere aktuellen Produkte, unsere Verleihbedingungen und k\u00f6nnen eine Leihanfrage stellen. Wir bieten unsere Filme \u00fcber Sharc zum Download an und bieten die M\u00f6glichkeit eine Festplatte zu versenden.<\/p>\n\n\n\n<div class=\"wp-block-columns is-layout-flex wp-container-core-columns-is-layout-1 wp-block-columns-is-layout-flex\">\n<div class=\"wp-block-column is-layout-flow wp-block-column-is-layout-flow\">\n<figure class=\"wp-block-image size-large\"><a href=\"http:\/\/heroldundherold.de\/?p=1528\"><img loading=\"lazy\" decoding=\"async\" width=\"724\" height=\"1024\" src=\"http:\/\/heroldundherold.de\/wp-content\/uploads\/2022\/10\/Zauberer_Schnitzel_im_Gipfelglueck_ohne-Sponsoren-2-724x1024.jpg\" alt=\"\" class=\"wp-image-1616\" srcset=\"https:\/\/heroldundherold.de\/wp-content\/uploads\/2022\/10\/Zauberer_Schnitzel_im_Gipfelglueck_ohne-Sponsoren-2-724x1024.jpg 724w, https:\/\/heroldundherold.de\/wp-content\/uploads\/2022\/10\/Zauberer_Schnitzel_im_Gipfelglueck_ohne-Sponsoren-2-212x300.jpg 212w, https:\/\/heroldundherold.de\/wp-content\/uploads\/2022\/10\/Zauberer_Schnitzel_im_Gipfelglueck_ohne-Sponsoren-2-768x1086.jpg 768w, https:\/\/heroldundherold.de\/wp-content\/uploads\/2022\/10\/Zauberer_Schnitzel_im_Gipfelglueck_ohne-Sponsoren-2-1086x1536.jpg 1086w, https:\/\/heroldundherold.de\/wp-content\/uploads\/2022\/10\/Zauberer_Schnitzel_im_Gipfelglueck_ohne-Sponsoren-2-1448x2048.jpg 1448w, https:\/\/heroldundherold.de\/wp-content\/uploads\/2022\/10\/Zauberer_Schnitzel_im_Gipfelglueck_ohne-Sponsoren-2-scaled.jpg 1810w\" sizes=\"(max-width: 724px) 100vw, 724px\" \/><\/a><figcaption><a href=\"http:\/\/heroldundherold.de\/?p=1528\">Zauberer Schnitzel im Gipfelgl\u00fcck<\/a><\/figcaption><\/figure>\n\n\n\n<p class=\"has-text-align-center\"><strong><a rel=\"noreferrer noopener\" href=\"mailto:marvin@heroldundherold.de;%20info@heroldvision.de\" target=\"_blank\">JETZT BESTELLEN!<\/a><\/strong><\/p>\n<\/div>\n\n\n\n<div class=\"wp-block-column is-layout-flow wp-block-column-is-layout-flow\">\n<figure class=\"wp-block-image size-large is-resized\"><a href=\"http:\/\/heroldundherold.de\/?p=1538\"><img loading=\"lazy\" decoding=\"async\" src=\"http:\/\/heroldundherold.de\/wp-content\/uploads\/2022\/10\/274221949_7264816226891730_6268720761553940314_n-e1666355751931-781x1024.jpg\" alt=\"\" class=\"wp-image-1621\" width=\"359\" height=\"470\" srcset=\"https:\/\/heroldundherold.de\/wp-content\/uploads\/2022\/10\/274221949_7264816226891730_6268720761553940314_n-e1666355751931-781x1024.jpg 781w, https:\/\/heroldundherold.de\/wp-content\/uploads\/2022\/10\/274221949_7264816226891730_6268720761553940314_n-e1666355751931-229x300.jpg 229w, https:\/\/heroldundherold.de\/wp-content\/uploads\/2022\/10\/274221949_7264816226891730_6268720761553940314_n-e1666355751931-768x1007.jpg 768w, https:\/\/heroldundherold.de\/wp-content\/uploads\/2022\/10\/274221949_7264816226891730_6268720761553940314_n-e1666355751931-1172x1536.jpg 1172w, https:\/\/heroldundherold.de\/wp-content\/uploads\/2022\/10\/274221949_7264816226891730_6268720761553940314_n-e1666355751931.jpg 1262w\" sizes=\"(max-width: 359px) 100vw, 359px\" \/><\/a><figcaption><a href=\"http:\/\/heroldundherold.de\/?p=1538\">Zauberer Schnitzel und die Sauerkrautverschw\u00f6rung<\/a><\/figcaption><\/figure>\n\n\n\n<p class=\"has-text-align-center\"><strong><a rel=\"noreferrer noopener\" href=\"mailto:marvin@heroldundherold.de;%20info@heroldvision.de\" target=\"_blank\">JETZT BESTELLEN!<\/a><\/strong><\/p>\n<\/div>\n<\/div>\n\n\n\n<p>Unsere Verleihbedingungen:<\/p>\n\n\n\n<div class=\"wp-block-cover is-light\"><span aria-hidden=\"true\" class=\"wp-block-cover__background has-background-dim\"><\/span><div class=\"wp-block-cover__inner-container is-layout-flow wp-block-cover-is-layout-flow\">\n<div class=\"wp-block-group\"><div class=\"wp-block-group__inner-container is-layout-flow wp-block-group-is-layout-flow\">\n<div data-wp-interactive=\"core\/file\" class=\"wp-block-file aligncenter\"><object data-wp-bind--hidden=\"!state.hasPdfPreview\"  class=\"wp-block-file__embed\" data=\"https:\/\/heroldundherold.de\/wp-content\/uploads\/2022\/10\/Verleihbedingungen-Filme-H2O-3.pdf\" type=\"application\/pdf\" style=\"width:100%;height:600px\" aria-label=\"Einbettung von Einbettung von Verleihbedingungen-Filme-H2O-3..\"><\/object><a id=\"wp-block-file--media-595f8c15-0fac-4d0b-9d47-27eeec8fa89c\" href=\"https:\/\/heroldundherold.de\/wp-content\/uploads\/2022\/10\/Verleihbedingungen-Filme-H2O-3.pdf\">Verleihbedingungen-Filme-H2O-3<\/a><a href=\"https:\/\/heroldundherold.de\/wp-content\/uploads\/2022\/10\/Verleihbedingungen-Filme-H2O-3.pdf\" class=\"wp-block-file__button\" download aria-describedby=\"wp-block-file--media-595f8c15-0fac-4d0b-9d47-27eeec8fa89c\">Herunterladen<\/a><\/div>\n<\/div><\/div>\n<\/div><\/div>\n\n\n\n<p>Ansprechpartner Marvin Primus f\u00fcr Distribution Film und Versand <br><br>Telefon: 015785855684<br>E-Mail: marvin@heroldundherold.de<\/p>\n","protected":false},"excerpt":{"rendered":"<p>Liebe Kinobetreiber und Kinobetreiberinnen, hier finden Sie unsere aktuellen Produkte, unsere Verleihbedingungen und k\u00f6nnen eine Leihanfrage stellen. Wir bieten unsere<\/p>\n<p class=\"more-link\"><a href=\"https:\/\/heroldundherold.de\/?page_id=1603\" class=\"readmore\">Read More<svg class=\"icon icon-angle-right\" aria-hidden=\"true\" role=\"img\"> <use href=\"#icon-angle-right\" xlink:href=\"#icon-angle-right\"><\/use> <\/svg><span class=\"screen-reader-text\">H2O Filmverleih<\/span><\/a><\/p>\n","protected":false},"author":1,"featured_media":1604,"parent":0,"menu_order":0,"comment_status":"open","ping_status":"closed","template":"","meta":{"footnotes":""},"class_list":["post-1603","page","type-page","status-publish","has-post-thumbnail","hentry"],"_links":{"self":[{"href":"https:\/\/heroldundherold.de\/index.php?rest_route=\/wp\/v2\/pages\/1603"}],"collection":[{"href":"https:\/\/heroldundherold.de\/index.php?rest_route=\/wp\/v2\/pages"}],"about":[{"href":"https:\/\/heroldundherold.de\/index.php?rest_route=\/wp\/v2\/types\/page"}],"author":[{"embeddable":true,"href":"https:\/\/heroldundherold.de\/index.php?rest_route=\/wp\/v2\/users\/1"}],"replies":[{"embeddable":true,"href":"https:\/\/heroldundherold.de\/index.php?rest_route=%2Fwp%2Fv2%2Fcomments&post=1603"}],"version-history":[{"count":7,"href":"https:\/\/heroldundherold.de\/index.php?rest_route=\/wp\/v2\/pages\/1603\/revisions"}],"predecessor-version":[{"id":1622,"href":"https:\/\/heroldundherold.de\/index.php?rest_route=\/wp\/v2\/pages\/1603\/revisions\/1622"}],"wp:featuredmedia":[{"embeddable":true,"href":"https:\/\/heroldundherold.de\/index.php?rest_route=\/wp\/v2\/media\/1604"}],"wp:attachment":[{"href":"https:\/\/heroldundherold.de\/index.php?rest_route=%2Fwp%2Fv2%2Fmedia&parent=1603"}],"curies":[{"name":"wp","href":"https:\/\/api.w.org\/{rel}","templated":true}]}}