{"id":1774,"date":"2024-11-20T11:52:06","date_gmt":"2024-11-20T11:52:06","guid":{"rendered":"https:\/\/heroldundherold.de\/?page_id=1774"},"modified":"2024-11-20T12:03:01","modified_gmt":"2024-11-20T12:03:01","slug":"werk","status":"publish","type":"page","link":"https:\/\/heroldundherold.de\/?page_id=1774","title":{"rendered":"WERK"},"content":{"rendered":"\n<figure class=\"wp-block-gallery has-nested-images columns-default is-cropped wp-block-gallery-1 is-layout-flex wp-block-gallery-is-layout-flex\">\n<figure class=\"wp-block-image size-large\"><img loading=\"lazy\" decoding=\"async\" width=\"1024\" height=\"1024\" data-id=\"1808\" src=\"https:\/\/heroldundherold.de\/wp-content\/uploads\/2024\/11\/1-1.jpg\" alt=\"\" class=\"wp-image-1808\" srcset=\"https:\/\/heroldundherold.de\/wp-content\/uploads\/2024\/11\/1-1.jpg 1024w, https:\/\/heroldundherold.de\/wp-content\/uploads\/2024\/11\/1-1-300x300.jpg 300w, https:\/\/heroldundherold.de\/wp-content\/uploads\/2024\/11\/1-1-150x150.jpg 150w, https:\/\/heroldundherold.de\/wp-content\/uploads\/2024\/11\/1-1-768x768.jpg 768w, https:\/\/heroldundherold.de\/wp-content\/uploads\/2024\/11\/1-1-70x70.jpg 70w\" sizes=\"(max-width: 1024px) 100vw, 1024px\" \/><\/figure>\n\n\n\n<figure class=\"wp-block-image size-large\"><img loading=\"lazy\" decoding=\"async\" width=\"1024\" height=\"1024\" data-id=\"1809\" src=\"https:\/\/heroldundherold.de\/wp-content\/uploads\/2024\/11\/1-2.jpg\" alt=\"\" class=\"wp-image-1809\" srcset=\"https:\/\/heroldundherold.de\/wp-content\/uploads\/2024\/11\/1-2.jpg 1024w, https:\/\/heroldundherold.de\/wp-content\/uploads\/2024\/11\/1-2-300x300.jpg 300w, https:\/\/heroldundherold.de\/wp-content\/uploads\/2024\/11\/1-2-150x150.jpg 150w, https:\/\/heroldundherold.de\/wp-content\/uploads\/2024\/11\/1-2-768x768.jpg 768w, https:\/\/heroldundherold.de\/wp-content\/uploads\/2024\/11\/1-2-70x70.jpg 70w\" sizes=\"(max-width: 1024px) 100vw, 1024px\" \/><\/figure>\n\n\n\n<figure class=\"wp-block-image size-large\"><img loading=\"lazy\" decoding=\"async\" width=\"1024\" height=\"1024\" data-id=\"1810\" src=\"https:\/\/heroldundherold.de\/wp-content\/uploads\/2024\/11\/1-3.jpg\" alt=\"\" class=\"wp-image-1810\" srcset=\"https:\/\/heroldundherold.de\/wp-content\/uploads\/2024\/11\/1-3.jpg 1024w, https:\/\/heroldundherold.de\/wp-content\/uploads\/2024\/11\/1-3-300x300.jpg 300w, https:\/\/heroldundherold.de\/wp-content\/uploads\/2024\/11\/1-3-150x150.jpg 150w, https:\/\/heroldundherold.de\/wp-content\/uploads\/2024\/11\/1-3-768x768.jpg 768w, https:\/\/heroldundherold.de\/wp-content\/uploads\/2024\/11\/1-3-70x70.jpg 70w\" sizes=\"(max-width: 1024px) 100vw, 1024px\" \/><\/figure>\n\n\n\n<figure class=\"wp-block-image size-large\"><img loading=\"lazy\" decoding=\"async\" width=\"1024\" height=\"585\" data-id=\"1811\" src=\"https:\/\/heroldundherold.de\/wp-content\/uploads\/2024\/11\/1-4-1024x585.jpg\" alt=\"\" class=\"wp-image-1811\" srcset=\"https:\/\/heroldundherold.de\/wp-content\/uploads\/2024\/11\/1-4-1024x585.jpg 1024w, https:\/\/heroldundherold.de\/wp-content\/uploads\/2024\/11\/1-4-300x171.jpg 300w, https:\/\/heroldundherold.de\/wp-content\/uploads\/2024\/11\/1-4-768x439.jpg 768w, https:\/\/heroldundherold.de\/wp-content\/uploads\/2024\/11\/1-4-1536x878.jpg 1536w, https:\/\/heroldundherold.de\/wp-content\/uploads\/2024\/11\/1-4.jpg 1792w\" sizes=\"(max-width: 1024px) 100vw, 1024px\" \/><\/figure>\n\n\n\n<figure class=\"wp-block-image size-large\"><img loading=\"lazy\" decoding=\"async\" width=\"1024\" height=\"1024\" data-id=\"1812\" src=\"https:\/\/heroldundherold.de\/wp-content\/uploads\/2024\/11\/1-5.jpg\" alt=\"\" class=\"wp-image-1812\" srcset=\"https:\/\/heroldundherold.de\/wp-content\/uploads\/2024\/11\/1-5.jpg 1024w, https:\/\/heroldundherold.de\/wp-content\/uploads\/2024\/11\/1-5-300x300.jpg 300w, https:\/\/heroldundherold.de\/wp-content\/uploads\/2024\/11\/1-5-150x150.jpg 150w, https:\/\/heroldundherold.de\/wp-content\/uploads\/2024\/11\/1-5-768x768.jpg 768w, https:\/\/heroldundherold.de\/wp-content\/uploads\/2024\/11\/1-5-70x70.jpg 70w\" sizes=\"(max-width: 1024px) 100vw, 1024px\" \/><\/figure>\n\n\n\n<figure class=\"wp-block-image size-large\"><img loading=\"lazy\" decoding=\"async\" width=\"1024\" height=\"585\" data-id=\"1813\" src=\"https:\/\/heroldundherold.de\/wp-content\/uploads\/2024\/11\/1-6-1024x585.jpg\" alt=\"\" class=\"wp-image-1813\" srcset=\"https:\/\/heroldundherold.de\/wp-content\/uploads\/2024\/11\/1-6-1024x585.jpg 1024w, https:\/\/heroldundherold.de\/wp-content\/uploads\/2024\/11\/1-6-300x171.jpg 300w, https:\/\/heroldundherold.de\/wp-content\/uploads\/2024\/11\/1-6-768x439.jpg 768w, https:\/\/heroldundherold.de\/wp-content\/uploads\/2024\/11\/1-6-1536x878.jpg 1536w, https:\/\/heroldundherold.de\/wp-content\/uploads\/2024\/11\/1-6.jpg 1792w\" sizes=\"(max-width: 1024px) 100vw, 1024px\" \/><\/figure>\n<\/figure>\n\n\n\n<p>( Die Bilder sind Muster zur Ideenentwicklung )<\/p>\n\n\n\n<p><strong>&#8222;Werk&#8220; \u2013 Das ma\u00dfgeschneiderte Strategiespiel f\u00fcr Ihre Stadtwerke<\/strong><\/p>\n\n\n\n<p>Stellen Sie sich vor, Ihre Stadt und Ihre Stadtwerke werden zum Mittelpunkt eines einzigartigen Spielerlebnisses. <strong>&#8222;Werk&#8220;<\/strong> ist mehr als nur ein Spiel \u2013 es ist eine ma\u00dfgeschneiderte Plattform, die Ihre Stadtwerke und ihre Geschichte lebendig werden l\u00e4sst.<\/p>\n\n\n\n<p><strong>Ihr Werk, Ihre Geschichte:<\/strong><br>Dieses Spiel wird individuell auf die spezifischen Parameter und Strukturen Ihrer Stadtwerke zugeschnitten. Es spiegelt Ihre Historie, Ihre Visionen und Ihre Leistungen wider \u2013 von der Energieversorgung \u00fcber die Nachhaltigkeitsstrategie bis hin zu Ihrem Engagement f\u00fcr B\u00fcrgern\u00e4he und Attraktivit\u00e4t.<\/p>\n\n\n\n<p><strong>Strategie trifft Innovation:<\/strong><br>Spieler \u00fcbernehmen die Leitung Ihrer Werke, bew\u00e4ltigen Herausforderungen und streben danach, die besten Werte in den Bereichen Wirtschaftlichkeit, Nachhaltigkeit und Attraktivit\u00e4t zu erreichen. Dabei erleben sie spielerisch, wie Sie Versorgungssicherheit und Innovation vereinen.<\/p>\n\n\n\n<p><strong>Ihre Stadt im Mittelpunkt:<\/strong><br>Ob regionale Besonderheiten, historische Meilensteine oder moderne Herausforderungen \u2013 <strong>&#8222;Werk&#8220;<\/strong> bildet Ihre einzigartige Position ab. Ihre Kunden und Gesch\u00e4ftspartner tauchen in eine Welt ein, die Ihre Stadtwerke repr\u00e4sentiert und sie mitgestalten l\u00e4sst.<\/p>\n\n\n\n<p><strong>Zwei Varianten \u2013 Brettspiel und Kartenspiel:<\/strong><br>&#8222;<strong>Werk<\/strong>&#8220; wird in zwei spannenden Formaten entwickelt \u2013 als klassisches Brettspiel und als kompaktes Kartenspiel. Die ersten zwei Varianten entstehen 2025 in enger Zusammenarbeit mit unseren Projektstadtwerken und setzen neue Ma\u00dfst\u00e4be f\u00fcr spielerische Stadtentwicklung.<\/p>\n\n\n\n<p><strong>Das perfekte Geschenk:<\/strong><br>Zeigen Sie Ihren Kunden, Gesch\u00e4ftspartnern und Stakeholdern, wie Sie die Zukunft gestalten. Mit einem individuell angepassten Spiel schaffen Sie nicht nur Unterhaltung, sondern auch Identifikation und Wertsch\u00e4tzung.<\/p>\n\n\n\n<p><strong>&#8222;Werk&#8220; \u2013 Ihr individuelles Stadtwerke-Spiel. Gemeinsam gestalten wir Ihre Erfolgsgeschichte \u2013 spielerisch, nachhaltig, unverwechselbar.<\/strong><br><strong>Kontaktieren Sie uns, um Ihre eigene Version zu entwickeln!<\/strong><\/p>\n","protected":false},"excerpt":{"rendered":"<p>( Die Bilder sind Muster zur Ideenentwicklung ) &#8222;Werk&#8220; \u2013 Das ma\u00dfgeschneiderte Strategiespiel f\u00fcr Ihre Stadtwerke Stellen Sie sich vor,<\/p>\n<p class=\"more-link\"><a href=\"https:\/\/heroldundherold.de\/?page_id=1774\" class=\"readmore\">Read More<svg class=\"icon icon-angle-right\" aria-hidden=\"true\" role=\"img\"> <use href=\"#icon-angle-right\" xlink:href=\"#icon-angle-right\"><\/use> <\/svg><span class=\"screen-reader-text\">WERK<\/span><\/a><\/p>\n","protected":false},"author":1,"featured_media":1813,"parent":0,"menu_order":0,"comment_status":"closed","ping_status":"closed","template":"","meta":{"footnotes":""},"class_list":["post-1774","page","type-page","status-publish","has-post-thumbnail","hentry"],"_links":{"self":[{"href":"https:\/\/heroldundherold.de\/index.php?rest_route=\/wp\/v2\/pages\/1774"}],"collection":[{"href":"https:\/\/heroldundherold.de\/index.php?rest_route=\/wp\/v2\/pages"}],"about":[{"href":"https:\/\/heroldundherold.de\/index.php?rest_route=\/wp\/v2\/types\/page"}],"author":[{"embeddable":true,"href":"https:\/\/heroldundherold.de\/index.php?rest_route=\/wp\/v2\/users\/1"}],"replies":[{"embeddable":true,"href":"https:\/\/heroldundherold.de\/index.php?rest_route=%2Fwp%2Fv2%2Fcomments&post=1774"}],"version-history":[{"count":4,"href":"https:\/\/heroldundherold.de\/index.php?rest_route=\/wp\/v2\/pages\/1774\/revisions"}],"predecessor-version":[{"id":1815,"href":"https:\/\/heroldundherold.de\/index.php?rest_route=\/wp\/v2\/pages\/1774\/revisions\/1815"}],"wp:featuredmedia":[{"embeddable":true,"href":"https:\/\/heroldundherold.de\/index.php?rest_route=\/wp\/v2\/media\/1813"}],"wp:attachment":[{"href":"https:\/\/heroldundherold.de\/index.php?rest_route=%2Fwp%2Fv2%2Fmedia&parent=1774"}],"curies":[{"name":"wp","href":"https:\/\/api.w.org\/{rel}","templated":true}]}}