{"id":295,"date":"2021-03-06T16:55:33","date_gmt":"2021-03-06T16:55:33","guid":{"rendered":"http:\/\/heroldundherold.de\/?page_id=295"},"modified":"2021-04-12T11:15:09","modified_gmt":"2021-04-12T11:15:09","slug":"corna-nervt","status":"publish","type":"page","link":"https:\/\/heroldundherold.de\/?page_id=295","title":{"rendered":"CORONA NERVT!"},"content":{"rendered":"\n<p>Alles \u00fcber die gr\u00fcne limitierte Edition f\u00fcr unser erstes Kickstarter Projekt, die rote Edition f\u00fcr den Fachhandel und jetzt die blaue Edition um die Idee in die Welt zu bringen!<\/p>\n\n\n\n<figure class=\"wp-block-image size-large\"><img loading=\"lazy\" decoding=\"async\" width=\"1024\" height=\"576\" src=\"http:\/\/heroldundherold.de\/wp-content\/uploads\/2021\/04\/20210412_105836803_iOS-1024x576.jpg\" alt=\"\" class=\"wp-image-523\" srcset=\"https:\/\/heroldundherold.de\/wp-content\/uploads\/2021\/04\/20210412_105836803_iOS-1024x576.jpg 1024w, https:\/\/heroldundherold.de\/wp-content\/uploads\/2021\/04\/20210412_105836803_iOS-300x169.jpg 300w, https:\/\/heroldundherold.de\/wp-content\/uploads\/2021\/04\/20210412_105836803_iOS-768x432.jpg 768w, https:\/\/heroldundherold.de\/wp-content\/uploads\/2021\/04\/20210412_105836803_iOS-1536x864.jpg 1536w, https:\/\/heroldundherold.de\/wp-content\/uploads\/2021\/04\/20210412_105836803_iOS.jpg 1920w\" sizes=\"(max-width: 1024px) 100vw, 1024px\" \/><figcaption>Start in April von Kickstarter<\/figcaption><\/figure>\n\n\n\n<figure class=\"wp-block-image size-large is-resized\"><img loading=\"lazy\" decoding=\"async\" src=\"http:\/\/heroldundherold.de\/wp-content\/uploads\/2021\/04\/20210411_170556234_iOS.png\" alt=\"\" class=\"wp-image-525\" width=\"680\" height=\"498\" srcset=\"https:\/\/heroldundherold.de\/wp-content\/uploads\/2021\/04\/20210411_170556234_iOS.png 680w, https:\/\/heroldundherold.de\/wp-content\/uploads\/2021\/04\/20210411_170556234_iOS-300x220.png 300w\" sizes=\"(max-width: 680px) 100vw, 680px\" \/><figcaption>Thx to Marie und Stefan for your great support<\/figcaption><\/figure>\n\n\n\n<figure class=\"wp-block-image size-large\"><img loading=\"lazy\" decoding=\"async\" width=\"1024\" height=\"1024\" src=\"http:\/\/heroldundherold.de\/wp-content\/uploads\/2021\/04\/20210329_100359932_iOS-1-1024x1024.jpg\" alt=\"\" class=\"wp-image-526\" srcset=\"https:\/\/heroldundherold.de\/wp-content\/uploads\/2021\/04\/20210329_100359932_iOS-1-1024x1024.jpg 1024w, https:\/\/heroldundherold.de\/wp-content\/uploads\/2021\/04\/20210329_100359932_iOS-1-300x300.jpg 300w, https:\/\/heroldundherold.de\/wp-content\/uploads\/2021\/04\/20210329_100359932_iOS-1-150x150.jpg 150w, https:\/\/heroldundherold.de\/wp-content\/uploads\/2021\/04\/20210329_100359932_iOS-1-768x768.jpg 768w, https:\/\/heroldundherold.de\/wp-content\/uploads\/2021\/04\/20210329_100359932_iOS-1-70x70.jpg 70w, https:\/\/heroldundherold.de\/wp-content\/uploads\/2021\/04\/20210329_100359932_iOS-1.jpg 1080w\" sizes=\"(max-width: 1024px) 100vw, 1024px\" \/><\/figure>\n\n\n\n<figure class=\"wp-block-video\"><video controls src=\"http:\/\/heroldundherold.de\/wp-content\/uploads\/2021\/04\/CORONA-NERVT-kommt-in-den-Spielwarenfachhandel-in-der-RED-EDITION-.mp4\"><\/video><\/figure>\n\n\n\n<p><\/p>\n\n\n\n<p><a rel=\"noreferrer noopener\" href=\"https:\/\/www.kickstarter.com\/projects\/heroldundherold\/corona-nervt\" target=\"_blank\">Unsere Idee CORONA NERVT! wollen wir \u00fcber Crowdfunding m\u00f6glich machen. Die Kickstarter Kampagne startet  am 19.03.2021 und wird bis zum 18.04.2021 laufen. Folgender Link bringt Dich direkt zum Spiel! <\/a><\/p>\n\n\n\n<p><a href=\"https:\/\/www.kickstarter.com\/projects\/heroldundherold\/corona-nervt\">https:\/\/www.kickstarter.com\/projects\/heroldundherold\/corona-nervt<\/a><\/p>\n\n\n\n<figure class=\"wp-block-video\"><video controls src=\"http:\/\/heroldundherold.de\/wp-content\/uploads\/2021\/03\/Corona-nervt-kickstarter-infos.mp4\"><\/video><\/figure>\n\n\n\n<div class=\"wp-block-image\"><figure class=\"aligncenter size-large\"><img loading=\"lazy\" decoding=\"async\" width=\"680\" height=\"900\" src=\"http:\/\/heroldundherold.de\/wp-content\/uploads\/2021\/03\/20210315_153408096_iOS.png\" alt=\"\" class=\"wp-image-341\" srcset=\"https:\/\/heroldundherold.de\/wp-content\/uploads\/2021\/03\/20210315_153408096_iOS.png 680w, https:\/\/heroldundherold.de\/wp-content\/uploads\/2021\/03\/20210315_153408096_iOS-227x300.png 227w\" sizes=\"(max-width: 680px) 100vw, 680px\" \/><\/figure><\/div>\n\n\n\n<p><\/p>\n\n\n\n<figure class=\"wp-block-image size-large\"><img loading=\"lazy\" decoding=\"async\" width=\"661\" height=\"764\" src=\"http:\/\/heroldundherold.de\/wp-content\/uploads\/2021\/03\/20210315_145510127_iOS.png\" alt=\"\" class=\"wp-image-343\" srcset=\"https:\/\/heroldundherold.de\/wp-content\/uploads\/2021\/03\/20210315_145510127_iOS.png 661w, https:\/\/heroldundherold.de\/wp-content\/uploads\/2021\/03\/20210315_145510127_iOS-260x300.png 260w\" sizes=\"(max-width: 661px) 100vw, 661px\" \/><\/figure>\n\n\n\n<p>Corona Nervt, die Einf\u00fchrung f\u00fcr unser Kickstarterprojekt!<\/p>\n\n\n\n<figure class=\"wp-block-video\"><video controls src=\"http:\/\/heroldundherold.de\/wp-content\/uploads\/2021\/03\/Corona-nervt-Kickstarter-Einfuehrung.mp4\"><\/video><\/figure>\n\n\n\n<p>Erste Ausblicke!<\/p>\n\n\n\n<figure class=\"wp-block-video\"><video controls preload=\"auto\" src=\"http:\/\/heroldundherold.de\/wp-content\/uploads\/2021\/03\/Corona-nervt-eine-Idee-entsteht-1.mp4\" playsinline><\/video><\/figure>\n\n\n\n<p>Wie funktioniert das Spiel?<\/p>\n\n\n\n<figure class=\"wp-block-video\"><video controls src=\"http:\/\/heroldundherold.de\/wp-content\/uploads\/2021\/03\/Corna-nervt-Spielerklaerung.mp4\"><\/video><\/figure>\n","protected":false},"excerpt":{"rendered":"<p>Alles \u00fcber die gr\u00fcne limitierte Edition f\u00fcr unser erstes Kickstarter Projekt, die rote Edition f\u00fcr den Fachhandel und jetzt die<\/p>\n<p class=\"more-link\"><a href=\"https:\/\/heroldundherold.de\/?page_id=295\" class=\"readmore\">Read More<svg class=\"icon icon-angle-right\" aria-hidden=\"true\" role=\"img\"> <use href=\"#icon-angle-right\" xlink:href=\"#icon-angle-right\"><\/use> <\/svg><span class=\"screen-reader-text\">CORONA NERVT!<\/span><\/a><\/p>\n","protected":false},"author":1,"featured_media":0,"parent":0,"menu_order":0,"comment_status":"closed","ping_status":"closed","template":"","meta":{"footnotes":""},"class_list":["post-295","page","type-page","status-publish","hentry"],"_links":{"self":[{"href":"https:\/\/heroldundherold.de\/index.php?rest_route=\/wp\/v2\/pages\/295"}],"collection":[{"href":"https:\/\/heroldundherold.de\/index.php?rest_route=\/wp\/v2\/pages"}],"about":[{"href":"https:\/\/heroldundherold.de\/index.php?rest_route=\/wp\/v2\/types\/page"}],"author":[{"embeddable":true,"href":"https:\/\/heroldundherold.de\/index.php?rest_route=\/wp\/v2\/users\/1"}],"replies":[{"embeddable":true,"href":"https:\/\/heroldundherold.de\/index.php?rest_route=%2Fwp%2Fv2%2Fcomments&post=295"}],"version-history":[{"count":17,"href":"https:\/\/heroldundherold.de\/index.php?rest_route=\/wp\/v2\/pages\/295\/revisions"}],"predecessor-version":[{"id":528,"href":"https:\/\/heroldundherold.de\/index.php?rest_route=\/wp\/v2\/pages\/295\/revisions\/528"}],"wp:attachment":[{"href":"https:\/\/heroldundherold.de\/index.php?rest_route=%2Fwp%2Fv2%2Fmedia&parent=295"}],"curies":[{"name":"wp","href":"https:\/\/api.w.org\/{rel}","templated":true}]}}