{"id":50,"date":"2019-09-20T07:16:17","date_gmt":"2019-09-20T07:16:17","guid":{"rendered":"http:\/\/heroldundherold.de\/?page_id=50"},"modified":"2022-05-01T14:19:41","modified_gmt":"2022-05-01T14:19:41","slug":"datenschutz-impressum","status":"publish","type":"page","link":"https:\/\/heroldundherold.de\/?page_id=50","title":{"rendered":"Datenschutz &#038; Impressum"},"content":{"rendered":"\n<p>Impressum:<\/p>\n\n\n\n<p>Inhaltlich Verantwortlicher gem\u00e4\u00df \u00a7\n5 TMG: \n<\/p>\n\n\n\n<p>Florian Herold \/ Heroldvision<\/p>\n\n\n\n<p>Kontakt:  Angerstra\u00dfe 46  86633 Neuburg 08431  9729<\/p>\n\n\n\n<p>admin@heroldvision.de<\/p>\n\n\n\n<p>Verantwortlich f\u00fcr den Inhalt nach \u00a7\n55 Abs. 2 RStV:<\/p>\n\n\n\n<p>Florian Herold<\/p>\n\n\n\n<p>Das Impressum g\u00fcltig f\u00fcr die\nInternetpr\u00e4senz:<\/p>\n\n\n\n<p>www.heroldundherold.de<\/p>\n\n\n\n<p>Webdesign, Layout\nund Grafik: Florian Herold<\/p>\n\n\n\n<p>Bildmaterial\/\nBildquellen:<\/p>\n\n\n\n<ul class=\"wp-block-list\"><li>Florian Herold <\/li><li>Nathalie Jahnel<\/li><li>Teresa Viehhauser<\/li><li>Anja Kappelmeier<\/li><li>Guntram Herold<\/li><li>Weitere Angaben am Bild <\/li><\/ul>\n\n\n\n<p>Streitschlichtung:<\/p>\n\n\n\n<p>Wir sind nicht bereit oder\nverpflichtet, an Streitbeilegungsverfahren vor einer\nVerbraucherschlichtungsstelle teilzunehmen.<\/p>\n\n\n\n<p>Haftungshinweis allgemein:<\/p>\n\n\n\n<p>Eine Haftung f\u00fcr die Richtigkeit der\nInformationen auf den Websites kann trotz sorgf\u00e4ltiger Pr\u00fcfung\ndurch uns nicht \u00fcbernommen werden. F\u00fcr die namentlich\ngekennzeichneten Beitr\u00e4ge \u00fcbernehmen wir\nlediglich die presserechtliche Verantwortung.<\/p>\n\n\n\n<p>Schadenersatzanspr\u00fcche sind\nausgeschlossen, soweit wir nicht Vorsatz oder grobe Fahrl\u00e4ssigkeit\nzu vertreten haben. Dies gilt auch f\u00fcr Anspr\u00fcche auf Ersatz von\nFolgesch\u00e4den wie Datenverlust.<\/p>\n\n\n\n<p>Auf den Websites wiedergegebene\nProduktbezeichnungen und Logos sind zu Gunsten der jeweiligen\nHersteller als Warenzeichen und eingetragene Warenzeichen gesch\u00fctzt.\n<\/p>\n\n\n\n<p>Haftung f\u00fcr Inhalte<\/p>\n\n\n\n<p>Als Diensteanbieter sind wir gem\u00e4\u00df \u00a7\n7 Abs.1 TMG f\u00fcr eigene Inhalte auf diesen Seiten nach den\nallgemeinen Gesetzen verantwortlich. Nach \u00a7\u00a7 8 bis 10 TMG sind wir\nals Diensteanbieter jedoch nicht verpflichtet, \u00fcbermittelte oder\ngespeicherte fremde Informationen zu \u00fcberwachen oder nach Umst\u00e4nden\nzu forschen, die auf eine rechtswidrige T\u00e4tigkeit hinweisen.<\/p>\n\n\n\n<p>Verpflichtungen zur Entfernung oder\nSperrung der Nutzung von Informationen nach den allgemeinen Gesetzen\nbleiben hiervon unber\u00fchrt. Eine diesbez\u00fcgliche Haftung ist jedoch\nerst ab dem Zeitpunkt der Kenntnis einer konkreten Rechtsverletzung\nm\u00f6glich. Bei Bekanntwerden von entsprechenden Rechtsverletzungen\nwerden wir diese Inhalte umgehend entfernen.<\/p>\n\n\n\n<p>Haftung f\u00fcr Links<\/p>\n\n\n\n<p>Unser Angebot enth\u00e4lt Links zu\nexternen Websites Dritter, auf deren Inhalte wir keinen Einfluss\nhaben. Deshalb k\u00f6nnen wir f\u00fcr diese fremden Inhalte auch keine\nGew\u00e4hr \u00fcbernehmen. F\u00fcr die Inhalte der verlinkten Seiten ist stets\nder jeweilige Anbieter oder Betreiber der Seiten verantwortlich. Die\nverlinkten Seiten wurden zum Zeitpunkt der Verlinkung auf m\u00f6gliche\nRechtsverst\u00f6\u00dfe \u00fcberpr\u00fcft. Rechtswidrige Inhalte waren zum\nZeitpunkt der Verlinkung nicht erkennbar.<\/p>\n\n\n\n<p>Eine permanente inhaltliche Kontrolle\nder verlinkten Seiten ist jedoch ohne konkrete Anhaltspunkte einer\nRechtsverletzung nicht zumutbar. Bei Bekanntwerden von\nRechtsverletzungen werden wir derartige Links umgehend entfernen.<\/p>\n\n\n\n<p>Urheberrecht<\/p>\n\n\n\n<p>Die durch die Seitenbetreiber\nerstellten Inhalte und Werke auf diesen Seiten unterliegen dem\ndeutschen Urheberrecht. Die Vervielf\u00e4ltigung, Bearbeitung,\nVerbreitung und jede Art der Verwertung au\u00dferhalb der Grenzen des\nUrheberrechtes bed\u00fcrfen der schriftlichen Zustimmung des jeweiligen\nAutors bzw. Erstellers. Downloads und Kopien dieser Seite sind nur\nf\u00fcr den privaten, nicht kommerziellen Gebrauch gestattet.<\/p>\n\n\n\n<p>Soweit die Inhalte auf dieser Seite\nnicht vom Betreiber erstellt wurden, werden die Urheberrechte Dritter\nbeachtet. Insbesondere werden Inhalte Dritter als solche\ngekennzeichnet. Sollten Sie trotzdem auf eine Urheberrechtsverletzung\naufmerksam werden, bitten wir um einen entsprechenden Hinweis. Bei\nBekanntwerden von Rechtsverletzungen werden wir derartige Inhalte\numgehend entfernen.<\/p>\n\n\n\n<p>Die auf der Website verwendeten Texte,\nBilder, Grafiken, Metatags, Dateien, Videos,  Linksammlung usw.\nunterliegen dem Urheberrecht und anderen Gesetzen zum Schutz des\ngeistigen Eigentums. Ihre Weitergabe, Ver\u00e4nderung, gewerbliche\nNutzung oder Verwendung in anderen Websites oder Medien ist nicht\ngestattet. Rechtsverst\u00f6\u00dfe werden rechtlich verfolgt.<\/p>\n\n\n\n<p>Ausschluss<\/p>\n\n\n\n<p>Dieser Haftungsausschluss ist als Teil\ndes Internetangebotes zu betrachten, von dem aus auf diese Seite\nverwiesen wurde. Sofern Teile oder einzelne Formulierungen dieses\nTextes der geltenden Rechtslage nicht, nicht mehr oder nicht\nvollst\u00e4ndig entsprechen sollten, bleiben die \u00fcbrigen Teile des\nDokumentes in ihrem Inhalt und ihrer G\u00fcltigkeit davon unber\u00fchrt.<\/p>\n\n\n\n<p>Zusatz:<\/p>\n\n\n\n<p>\u00a9 Copyright 2021, alle Rechte vorbehalten.  Jegliche Vervielf\u00e4ltigung oder Weiterverbreitung in jedem Medium als Ganzes oder in Teilen bedarf der schriftlichen Zustimmung von uns.<\/p>\n\n\n\n<p> <strong>Datenschutzerkl\u00e4rung<\/strong><\/p>\n\n\n\n<p>\n<strong>1.\nKontaktdaten<\/strong><\/p>\n\n\n\n<p><strong>Verantwortliches\nUnternehmen:<\/strong><\/p>\n\n\n\n<p>Heroldvision \/ Herold &amp; Herold<\/p>\n\n\n\n<p>USt-IdNr. : DE326549469  <\/p>\n\n\n\n<p>Angerstra\u00dfe 46 in  86633 Neuburg a. d. Donau  <\/p>\n\n\n\n<p><strong>Ansprechpartner \/ Sie k\u00f6nnen uns \u00fcber folgende Kontakte erreichen:<br><\/strong><br> Inhaber Florian Herold   Angerstra\u00dfe 46 in  86633 Neuburg a. d. Donau  <\/p>\n\n\n\n<p>info@heroldvision.de<\/p>\n\n\n\n<p><strong>2.\nGrunds\u00e4tzliches<\/strong><\/p>\n\n\n\n<p>\nDer Schutz Ihrer\npers\u00f6nlichen Daten ist uns ein besonderes Anliegen. Wir verarbeiten\nIhre Daten daher ausschlie\u00dflich auf Grundlage der gesetzlichen\nBestimmungen (DSGVO, BDSG-neu, TMG). In diesen\nDatenschutzinformationen informieren wir Sie \u00fcber die wichtigsten\nAspekte der Datenverarbeitung im Rahmen unserer Website. Wir wollen\nIhre gesetzlichen Rechte achten, wir stehen Ihnen f\u00fcr Fragen zur\nVerf\u00fcgung und damit Sie Ihre Rechte geltend machen k\u00f6nnen, wenden\nSie sich bitte an uns.<\/p>\n\n\n\n<p>\n<strong>3.\n Kontaktformular<\/strong><\/p>\n\n\n\n<p>Wenn\nSie per per E-Mail-Kontakt mit uns aufnehmen, werden Ihre angegebenen\nDaten zwecks Bearbeitung der Anfrage und f\u00fcr den Fall von\nAnschlussfragen sechs Monate bei uns gespeichert. Diese Daten geben\nwir nicht ohne Ihre Einwilligung weiter.<\/p>\n\n\n\n<p>\n<strong>4.\nUnsere Website verwendet sogenannte Cookies<\/strong><\/p>\n\n\n\n<p>\nDabei handelt es\nsich um kleine Textdateien, die mit Hilfe des Browsers auf Ihrem\nEndger\u00e4t abgelegt werden. Sie richten keinen Schaden an. Wir nutzen\nCookies dazu, unser Angebot nutzerfreundlich zu gestalten. Einige\nCookies bleiben auf Ihrem Endger\u00e4t gespeichert, bis Sie diese\nl\u00f6schen. Sie erm\u00f6glichen es uns, Ihren Browser beim n\u00e4chsten\nBesuch wiederzuerkennen. Wenn Sie dies nicht w\u00fcnschen, so k\u00f6nnen\nSie Ihren Browser so einrichten, dass er Sie \u00fcber das Setzen von\nCookies informiert und Sie dies nur im Einzelfall erlauben. Bei der\nDeaktivierung von Cookies kann die Funktionalit\u00e4t unserer Website\neinschr\u00e4nken. Wenn wir die Cookie Funktion aktiviert haben werden\nSie beim Besuch der Webseite darauf hingewiesen.<\/p>\n\n\n\n<p>\n<strong>5.\nWelche Daten wir erheben und verarbeiten<\/strong><\/p>\n\n\n\n<p>\n<strong>Log-Daten<\/strong><br>Wenn\nSie unsere Webseite besuchen (wie auch bei jeder anderen Webseite)\n\u00fcbermittelt das Ger\u00e4t, mit dem Sie die Seite aufrufen, automatisch\nLog-Daten (Verbindungsdaten) an unsere Server. Log-Daten enthalten\ndie IP-Adresse des Ger\u00e4tes, mit dem Sie auf die Website oder einen\nDienst zugreifen, die Art des Browsers, mit dem Sie zugreifen, die\nWebseite, die Sie zuvor besucht haben, Ihre Systemkonfiguration sowie\nDatum und Zeitangaben. Wir haben unsere Domain bei der Firma\nunited-domains.de\ngehostet. Dort werden die Daten unter folgenden Richtlinien\ngespeichert: https:\/\/www.united-domains.de\/unternehmen\/datenschutz\/<\/p>\n\n\n\n<p>\n<strong>Wir nutzen\nfolgende Tracking- und Analysetools:<\/strong><\/p>\n\n\n\n<p>\nWir informieren \u00fcber\ndie Systeme, es kann aber sein das wir diese nicht immer in\nVerwendung haben.<\/p>\n\n\n\n<p>\n<strong>Google Analytics:<\/strong>\nWir nutzen auf unserer Webseite den Webanalysedienst Google Analytics\nvon Google Inc. Dieser setzt Cookies ein. Dabei handelt es sich um\nTextdateien, die durch Speicherung auf Ihrem PC eine Analyse zu Ihrem\nNutzerverhalten in Bezug auf unsere Webseite erlauben. Die Cookies\nerzeugen Informationen, die an einen Google-Server \u00fcbertragen\nwerden. Diese Server befinden sich in der Regel in den USA, folgen\naber Abkommen zur Nutzung des europ\u00e4ischen Wirtschaftsraumes und\nk\u00fcrzen Ihre IP-Adresse vor \u00dcbermittlung in die Vereinigten Staaten.\nNur in Ausnahmef\u00e4llen wird die IP-Adresse erst nach \u00dcbermittlung in\ndie USA gek\u00fcrzt. Google wertet die \u00fcbermittelten Informationen aus\nund erbringt in diesem Kontext weitere Dienstleistungen f\u00fcr uns\nWebseitenbetreiber. Dabei wird die ermittelte IP-Adresse nicht mit\nanderen Google-Services zusammengef\u00fchrt. \u00dcber eine \u00c4nderung Ihrer\nBrowsereinstellungen k\u00f6nnen Sie die Speicherung von Cookies auf\nIhrem Rechner unterbinden. Damit k\u00f6nnen allerdings Darstellungs- und\nFunktionseinschr\u00e4nkungen bei der Nutzung unserer Webseite verbunden\nsein. Ein Browser-Plugin verhindert dar\u00fcber hinaus die Erfassung\nsowie Nutzung der durch die Cookies erzeugten Daten. Sie k\u00f6nnen es\nunter folgendem Link herunterladen:\nhttps:\/\/tools.google.com\/dlpage\/gaoptout?hl=de erfahren Sie mehr zu\nden Datenschutzbedingungen von Google und Google Analytics unter:\nhttp:\/\/www.google.com\/analytics\/terms\/de.html oder unter\nhttps:\/\/www.google.de\/intl\/de\/policies\/.<\/p>\n\n\n\n<p>\n<strong>Google\nAdwords:<\/strong> Unsere Website verwendet\nGoogle AdWords. Anbieter ist die Google Inc., 1600 Amphitheatre\nParkway, Mountain View, CA 94043, United States.<\/p>\n\n\n\n<p>\nAdWords ist ein\nOnline-Werbeprogramm. Im Rahmen des Online-Werbeprogramms arbeiten\nwir mit Conversion-Tracking. Nach einem Klick auf eine von Google\ngeschaltete Anzeige wird ein Cookie f\u00fcr das Conversion-Tracking\ngesetzt. Cookies sind kleine Textdateien, die Ihr Webbrowser auf\nIhrem Endger\u00e4t speichert. Google AdWords Cookies verlieren nach 30\nTagen ihre G\u00fcltigkeit und dienen nicht der pers\u00f6nlichen\nIdentifizierung der Nutzer. Am Cookie k\u00f6nnen Google und wir\nerkennen, dass Sie auf eine Anzeige geklickt haben und zu unserer\nWebsite weitergeleitet wurden.<\/p>\n\n\n\n<p>\nJeder Google\nAdWords-Kunde erh\u00e4lt ein anderes Cookie. Die Cookies sind nicht \u00fcber\nWebsites von AdWords-Kunden nachverfolgbar. Mit Conversion-Cookies\nwerden Conversion-Statistiken f\u00fcr AdWords-Kunden, die\nConversion-Tracking einsetzen, erstellt. Adwords-Kunden erfahren wie\nviele Nutzer auf ihre Anzeige geklickt haben und auf Seiten mit\nConversion-Tracking-Tag weitergeleitet wurden. AdWords-Kunden\nerhalten jedoch keine Informationen, die eine pers\u00f6nliche\nIdentifikation der Nutzer erm\u00f6glichen. Wenn Sie nicht am Tracking\nteilnehmen m\u00f6chten, k\u00f6nnen Sie einer Nutzung widersprechen. Hier\nist das Conversion-Cookie in den Nutzereinstellungen des Browsers zu\ndeaktivieren. So findet auch keine Aufnahme in die\nConversion-Tracking Statistiken statt.<\/p>\n\n\n\n<p>\nDie Speicherung von\n\u201cConversion-Cookies\u201d erfolgt auf Grundlage von Art. 6 Abs. 1 lit.\nf DSGVO. Wir als Websitebetreiber haben ein berechtigtes Interesse an\nder Analyse des Nutzerverhaltens, um unser Webangebot und unsere\nWerbung zu optimieren.<\/p>\n\n\n\n<p> Einzelheiten zu Google AdWords und Google Conversion-Tracking finden Sie in den Datenschutzbestimmungen von Google: https:\/\/www.google.de\/policies\/privacy\/.<\/p>\n\n\n\n<p>\nMit einem modernen\nWebbrowser k\u00f6nnen Sie das Setzen von Cookies \u00fcberwachen,\neinschr\u00e4nken oder unterbinden. Die Deaktivierung von Cookies kann\neine eingeschr\u00e4nkte Funktionalit\u00e4t unserer Website zur Folge haben.<\/p>\n\n\n\n<p>\n<strong>6.\nRechtsgrundlage der Verarbeitung<\/strong><\/p>\n\n\n\n<p>Die\nDatenverarbeitung erfolgt auf Basis der gesetzlichen Bestimmungen des\n\u00a7147 AO  (Speicherung  aufgrund  steuerrechtlicher\nDokumentationspflichten) des  Art 6 Abs  1  lit  a  (Einwilligung) \nund\/oder  lit  b  (notwendig  zur  Vertragserf\u00fcllung)  der DSGVO.<\/p>\n\n\n\n<p>\n<strong>7.\nDauer der Speicherung<\/strong><\/p>\n\n\n\n<p>\nWir verarbeiten und\nspeichern personenbezogene Daten nur f\u00fcr den Zeitraum, der zur\nErreichung des Speicherungszwecks erforderlich ist oder sofern dies\ngesetzlich vorgeschrieben wurde.<\/p>\n\n\n\n<p>\n<strong>8. Inhalte und\nDienste von Drittanbietern<\/strong><\/p>\n\n\n\n<p>\nDas Angebot auf\nunserer Webseite erfasst unter Umst\u00e4nden auch Inhalte, Dienste und\nLeistungen von anderen Anbietern, die unser Angebot erg\u00e4nzen.\nBeispiele f\u00fcr solche Angebote sind Karten von Google-Maps,\nYouTube-Videos oder Grafikdarstellungen Dritter. Der Aufruf dieser\nLeistungen von dritter Seite erfordert regelm\u00e4\u00dfig die \u00dcbermittlung\nIhrer IP-Adresse. Damit ist es diesen Anbietern m\u00f6glich, Ihre\nNutzer-IP-Adresse wahrzunehmen und diese auch zu speichern. Wir\nbem\u00fchen uns sehr, nur solche Drittanbieter einzubeziehen, die\nIP-Adressen allein zur Auslieferung der Inhalte nutzen. Wir haben\ndabei jedoch keinen Einfluss darauf, welcher Drittanbieter\ngegebenenfalls die IP-Adresse speichert. Diese Speicherung kann zum\nBeispiel statistischen Zwecken dienen. Sollten wir von\nSpeicherungsvorg\u00e4ngen durch Drittanbieter Kenntnis erlangen, weisen\nwir unsere Nutzer unverz\u00fcglich auf diese Tatsache hin. Beachten Sie\nbitte in diesem Zusammenhang auch die speziellen\nDatenschutzerkl\u00e4rungen zu einzelnen Drittanbietern und\nDienstleistern, deren Service wir auf unserer Webseite nutzen. Sie\nfinden Sie ebenfalls in dieser Datenschutzerkl\u00e4rung.<\/p>\n\n\n\n<p>\n<strong>9.\nIhre Rechte<\/strong><\/p>\n\n\n\n<p>\nSie erhalten\njederzeit unentgeltlich Auskunft \u00fcber die von uns gespeicherten\npersonenbezogenen Daten zu Ihrer Person sowie zur Herkunft, dem\nEmpf\u00e4nger und dem Zweck von Datenerhebung sowie Datenverarbeitung.\nAu\u00dferdem haben Sie das Recht, die Berichtigung, die Sperrung oder\nL\u00f6schung Ihrer Daten zu verlangen. Ausgenommen davon sind Daten, die\naufgrund gesetzlicher Vorschriften aufbewahrt oder zur\nordnungsgem\u00e4\u00dfen Gesch\u00e4ftsabwicklung ben\u00f6tigt werden. Damit eine\nDatensperre jederzeit realisiert werden kann, werden Daten zu\nKontrollzwecken in einer Sperrdatei vorgehalten. Werden Daten nicht\nvon einer gesetzlichen Archivierungspflicht erfasst, l\u00f6schen wir\nIhre Daten auf Ihren Wunsch. Greift die Archivierungspflicht, sperren\nwir Ihre Daten. F\u00fcr alle Fragen und Anliegen zur Berichtigung,\nSperrung oder L\u00f6schung von personenbezogenen Daten wenden Sie sich\nbitte an unter den Kontaktdaten in dieser Datenschutzerkl\u00e4rung bzw.\nan die im Impressum genannte Adresse.<\/p>\n\n\n\n<p>\nIhre Rechte\nzusammengefasst:<\/p>\n\n\n\n<ul class=\"wp-block-list\"><li>\n\tAuskunft bzgl. der\n\tErhebung und Verwendung Ihrer Daten,\n\t<\/li><li>\n\tBerichtigung Ihrer\n\tDaten,\n\t<\/li><li>\n\tL\u00f6schung Ihrer\n\tDaten, soweit gesetzliche Vorgaben oder die Vertragsabwicklung nicht\n\tdie weitere Speicherung erforderlich macht,\n\t<\/li><li>\n\tEinschr\u00e4nkung der\n\tNutzung Ihrer Daten,\n\t<\/li><li>\n\tDaten\u00fcbertragbarkeit,\n\t<\/li><li>\n\tJederzeitiger\n\tWiderruf der von Ihnen erteilen Einwilligung sowie\n\t<\/li><li>\n\tWiderspruch einer\n\tbestimmten Datenverarbeitung\n<\/li><\/ul>\n\n\n\n<p>Wenn\nSie der Auffassung sind, dass die Verarbeitung Ihrer Daten gegen das\nDatenschutzrecht verst\u00f6\u00dft oder Ihre datenschutzrechtlichen\nAnspr\u00fcche sonst in einer Weise  verletzt  worden  sind,  k\u00f6nnen \nSie  ich  bei  der  Aufsichtsbeh\u00f6rde  beschweren.<\/p>\n\n\n\n<p>Quelle: Eigene Rechtsberatung \/ Hinweise auf United-Domains \/ Datenschutz-Konfigurator von mein-datenschutzbeauftragter.de<\/p>\n","protected":false},"excerpt":{"rendered":"<p>Impressum: Inhaltlich Verantwortlicher gem\u00e4\u00df \u00a7 5 TMG: Florian Herold \/ Heroldvision Kontakt: Angerstra\u00dfe 46 86633 Neuburg 08431 9729 admin@heroldvision.de Verantwortlich<\/p>\n<p class=\"more-link\"><a href=\"https:\/\/heroldundherold.de\/?page_id=50\" class=\"readmore\">Read More<svg class=\"icon icon-angle-right\" aria-hidden=\"true\" role=\"img\"> <use href=\"#icon-angle-right\" xlink:href=\"#icon-angle-right\"><\/use> <\/svg><span class=\"screen-reader-text\">Datenschutz &#038; Impressum<\/span><\/a><\/p>\n","protected":false},"author":1,"featured_media":0,"parent":0,"menu_order":4,"comment_status":"closed","ping_status":"closed","template":"","meta":{"footnotes":""},"class_list":["post-50","page","type-page","status-publish","hentry"],"_links":{"self":[{"href":"https:\/\/heroldundherold.de\/index.php?rest_route=\/wp\/v2\/pages\/50"}],"collection":[{"href":"https:\/\/heroldundherold.de\/index.php?rest_route=\/wp\/v2\/pages"}],"about":[{"href":"https:\/\/heroldundherold.de\/index.php?rest_route=\/wp\/v2\/types\/page"}],"author":[{"embeddable":true,"href":"https:\/\/heroldundherold.de\/index.php?rest_route=\/wp\/v2\/users\/1"}],"replies":[{"embeddable":true,"href":"https:\/\/heroldundherold.de\/index.php?rest_route=%2Fwp%2Fv2%2Fcomments&post=50"}],"version-history":[{"count":6,"href":"https:\/\/heroldundherold.de\/index.php?rest_route=\/wp\/v2\/pages\/50\/revisions"}],"predecessor-version":[{"id":1374,"href":"https:\/\/heroldundherold.de\/index.php?rest_route=\/wp\/v2\/pages\/50\/revisions\/1374"}],"wp:attachment":[{"href":"https:\/\/heroldundherold.de\/index.php?rest_route=%2Fwp%2Fv2%2Fmedia&parent=50"}],"curies":[{"name":"wp","href":"https:\/\/api.w.org\/{rel}","templated":true}]}}