{"id":58,"date":"2019-09-20T07:20:06","date_gmt":"2019-09-20T07:20:06","guid":{"rendered":"http:\/\/heroldundherold.de\/?page_id=58"},"modified":"2019-11-03T20:26:10","modified_gmt":"2019-11-03T20:26:10","slug":"neuburg","status":"publish","type":"page","link":"https:\/\/heroldundherold.de\/?page_id=58","title":{"rendered":"Neuburg"},"content":{"rendered":"\n<figure class=\"wp-block-image\"><img loading=\"lazy\" decoding=\"async\" width=\"1024\" height=\"533\" src=\"http:\/\/heroldundherold.de\/wp-content\/uploads\/2019\/09\/herold_schloss_gro\u00df_a-1024x533.png\" alt=\"\" class=\"wp-image-77\" srcset=\"https:\/\/heroldundherold.de\/wp-content\/uploads\/2019\/09\/herold_schloss_gro\u00df_a-1024x533.png 1024w, https:\/\/heroldundherold.de\/wp-content\/uploads\/2019\/09\/herold_schloss_gro\u00df_a-300x156.png 300w, https:\/\/heroldundherold.de\/wp-content\/uploads\/2019\/09\/herold_schloss_gro\u00df_a-768x400.png 768w\" sizes=\"(max-width: 1024px) 100vw, 1024px\" \/><\/figure>\n\n\n\n<ul class=\"wp-block-list\"><li>NEUBURG ist im Oktober 2019 zur Spiel in Essen erschienen<\/li><li>Autoren: Guntram und Florian Herold <\/li><li>Cover und Design: Nathalie Jahnel <\/li><li>Es ist ein spannendes Kartenspiel mit Pokerelementen f\u00fcr die ganze Familie.<\/li><li>Den Vertrieb f\u00fcr den Handel \u00fcbernimmt Pegasus Spiele.<\/li><li>Wir empfehlen dem Handel einen VK von 25\u20ac.<\/li><\/ul>\n\n\n\n<p>Jeder Spieler schl\u00fcpft in die Rolle einer historischen Figur am Hofe Ottheinrichs von Pfalz-Neuburg. Alle begeben sich dazu in die Zeit der Renaissance. Damit Ottheinrich in seinem Neuburger Schloss ein aufw\u00e4ndiges Leben f\u00fchren kann und alle in der Gunst des F\u00fcrsten aufsteigen, m\u00fcssen sie ihm die besten G\u00fcter, Kutschen oder Handwerker zukommen lassen. Die Konkurrenz ist gro\u00df, die Kontrahenten versuchen Angebote zu \u00fcbertrumpfen, verdorbene Waren unterzujubeln oder sie planen Intrigen. Der Spieler, der sich als bester Berater oder Intrigant erweist, gewinnt das Spiel. <\/p>\n\n\n\n<div class=\"wp-block-image\"><figure class=\"aligncenter is-resized\"><img loading=\"lazy\" decoding=\"async\" src=\"http:\/\/heroldundherold.de\/wp-content\/uploads\/2019\/09\/herold_neuburg_schriftzug_c-1024x391.png\" alt=\"\" class=\"wp-image-10\" width=\"413\" height=\"157\" srcset=\"https:\/\/heroldundherold.de\/wp-content\/uploads\/2019\/09\/herold_neuburg_schriftzug_c-1024x391.png 1024w, https:\/\/heroldundherold.de\/wp-content\/uploads\/2019\/09\/herold_neuburg_schriftzug_c-300x115.png 300w, https:\/\/heroldundherold.de\/wp-content\/uploads\/2019\/09\/herold_neuburg_schriftzug_c-768x293.png 768w\" sizes=\"(max-width: 413px) 100vw, 413px\" \/><\/figure><\/div>\n\n\n\n<figure class=\"wp-block-embed-youtube wp-block-embed is-type-video is-provider-youtube wp-embed-aspect-16-9 wp-has-aspect-ratio\"><div class=\"wp-block-embed__wrapper\">\n<iframe loading=\"lazy\" title=\"Neuburg Ottheinrich Ruhm und Intrige &quot;wie man spielt&quot;\" width=\"920\" height=\"518\" src=\"https:\/\/www.youtube.com\/embed\/0SXQWnLtyT8?feature=oembed\" frameborder=\"0\" allow=\"accelerometer; autoplay; encrypted-media; gyroscope; picture-in-picture\" allowfullscreen><\/iframe>\n<\/div><\/figure>\n\n\n\n<p>Liebe Spielefreunde,  <\/p>\n\n\n\n<p>\nfolgt\nuns in den Epochenumbruch zu Beginn des 16. Jahrhunderts, in die Zeit\nder Renaissance. Ein nicht unbedeutender F\u00fcrst war damals\nOttheinrich von Pfalz-Neuburg, der von 1501 bis 1559 lebte. Noch\nheute lassen ihn die Neuburger alle zwei Jahre zu ihrem Schlossfest\nhochleben. \n<\/p>\n\n\n\n<p>\nIm\nAlter von 20 Jahren \u00fcbernahm Ottheinrich zusammen mit seinem Bruder\nRegierungsverantwortung f\u00fcr die Pfalz, ein zersplittertes Gebiet,\ndas von der Donau \u00fcber Franken bis in die Oberpfalz reichte. Aus\nseiner Zeit heraus ragt der sp\u00e4tere Kurf\u00fcrst, weil er schon fr\u00fch\nals Kunstm\u00e4zen und keine Kosten scheuender Bauherr auftrat. Ihm\nhaben die Neuburger ein pr\u00e4chtiges Renaissanceschloss zu verdanken.\nSeine aufw\u00e4ndige Lebensf\u00fchrung lie\u00df ihn st\u00e4ndig am Rande des\nBankrottes wandeln. 1544 war sein Schuldenberg auf \u00fcber eine Million\nGulden angewachsen. Seine Landst\u00e4nde retteten den F\u00fcrsten, die\ndaf\u00fcr aber Teile seines Besitzes zur Tilgung der Schulden\nver\u00e4u\u00dferten. \n<\/p>\n\n\n\n<p> Ottheinrich hat sich schon fr\u00fch zu Luthers Reformation bekannt, die Schlosskapelle in Neuburg gilt als erster Kirchenbau f\u00fcr den protestantischen Ritus. Im Schmalkaldischen Krieg, dem ersten Religionskrieg zwischen Katholiken und Protestanten, wurde der in S\u00fcddeutschland isolierte F\u00fcrst vom Kaiser ge\u00e4chtet und musste sechs Jahre ins Exil gehen, bis er 1552 nach Neuburg zur\u00fcckkehren durfte. Gesundheitlich war der fast 200&nbsp;kg wiegende Ottheinrich zu diesem Zeitpunkt schon schwer angeschlagen. Er erlebte zwar noch die \u00dcbernahme der Kurf\u00fcrstenw\u00fcrde nach dem Tod seines Onkels, Kurf\u00fcrst Friedrich II. von der Pfalz, konnte das damit verbundene Amt als Erztruchsess aber nur noch drei Jahre aus\u00fcben.  <\/p>\n\n\n\n<p>\nOttheinrich\nkann als aufgekl\u00e4rter F\u00fcrst seiner Zeit angesehen werden. Trotz\nvieler Schulden f\u00f6rderte er die Wissenschaft, lie\u00df beispielsweise\ndas damals nicht selbstverst\u00e4ndliche Sezieren von Leichen zu. Neben\nseinen Bauten in Neuburg sch\u00e4tzt die Nachwelt besonders den Aufbau\nseiner Bibliotheca Palatina, der bedeutendsten\nWissenschaftsbibliothek im 16. Jahrhundert. \n<\/p>\n\n\n\n<p>\nDer\nF\u00fcrst umgab sich mit vielen Beratern. An dieser Stelle haben wir die\nSpielidee angesiedelt. Jeder \u00fcbernimmt die Rolle eines Beraters von\nOttheinrich. Oft unterst\u00fctzen wir ihn, manchmal reizen uns aber auch\nIntrigen gegen die Mitbewerber. Damit Ottheinrich sich Lebensstil und\nB\u00fccher und Bauten leisten kann, helfen wir ihm bei der Geldanlage,\nwir achten auf sein \u00c4u\u00dferes, begleiten den Schlossbau und tun\nalles, damit er standesgem\u00e4\u00df reisen kann und stets eine reich\ngedeckte Tafel vorfindet. \n<\/p>\n\n\n\n<p> Der Spieler, der sich als bester Berater oder Intrigant erweist, gewinnt das Spiel. Wir w\u00fcnschen euch viel Spa\u00df bei Eurem Ausflug in die Renaissance zu Ottheinrich von Pfalz-Neuburg.<\/p>\n\n\n\n<figure class=\"wp-block-image\"><img loading=\"lazy\" decoding=\"async\" width=\"1024\" height=\"521\" src=\"http:\/\/heroldundherold.de\/wp-content\/uploads\/2019\/09\/R\u00fcckseite-freigestellt-1024x521.jpg\" alt=\"\" class=\"wp-image-44\" srcset=\"https:\/\/heroldundherold.de\/wp-content\/uploads\/2019\/09\/R\u00fcckseite-freigestellt-1024x521.jpg 1024w, https:\/\/heroldundherold.de\/wp-content\/uploads\/2019\/09\/R\u00fcckseite-freigestellt-300x153.jpg 300w, https:\/\/heroldundherold.de\/wp-content\/uploads\/2019\/09\/R\u00fcckseite-freigestellt-768x391.jpg 768w\" sizes=\"(max-width: 1024px) 100vw, 1024px\" \/><\/figure>\n","protected":false},"excerpt":{"rendered":"<p>NEUBURG ist im Oktober 2019 zur Spiel in Essen erschienen Autoren: Guntram und Florian Herold Cover und Design: Nathalie Jahnel<\/p>\n<p class=\"more-link\"><a href=\"https:\/\/heroldundherold.de\/?page_id=58\" class=\"readmore\">Read More<svg class=\"icon icon-angle-right\" aria-hidden=\"true\" role=\"img\"> <use href=\"#icon-angle-right\" xlink:href=\"#icon-angle-right\"><\/use> <\/svg><span class=\"screen-reader-text\">Neuburg<\/span><\/a><\/p>\n","protected":false},"author":1,"featured_media":46,"parent":0,"menu_order":0,"comment_status":"closed","ping_status":"closed","template":"","meta":{"footnotes":""},"class_list":["post-58","page","type-page","status-publish","has-post-thumbnail","hentry"],"_links":{"self":[{"href":"https:\/\/heroldundherold.de\/index.php?rest_route=\/wp\/v2\/pages\/58"}],"collection":[{"href":"https:\/\/heroldundherold.de\/index.php?rest_route=\/wp\/v2\/pages"}],"about":[{"href":"https:\/\/heroldundherold.de\/index.php?rest_route=\/wp\/v2\/types\/page"}],"author":[{"embeddable":true,"href":"https:\/\/heroldundherold.de\/index.php?rest_route=\/wp\/v2\/users\/1"}],"replies":[{"embeddable":true,"href":"https:\/\/heroldundherold.de\/index.php?rest_route=%2Fwp%2Fv2%2Fcomments&post=58"}],"version-history":[{"count":7,"href":"https:\/\/heroldundherold.de\/index.php?rest_route=\/wp\/v2\/pages\/58\/revisions"}],"predecessor-version":[{"id":192,"href":"https:\/\/heroldundherold.de\/index.php?rest_route=\/wp\/v2\/pages\/58\/revisions\/192"}],"wp:featuredmedia":[{"embeddable":true,"href":"https:\/\/heroldundherold.de\/index.php?rest_route=\/wp\/v2\/media\/46"}],"wp:attachment":[{"href":"https:\/\/heroldundherold.de\/index.php?rest_route=%2Fwp%2Fv2%2Fmedia&parent=58"}],"curies":[{"name":"wp","href":"https:\/\/api.w.org\/{rel}","templated":true}]}}